{"id":1091,"date":"2016-03-17T17:33:38","date_gmt":"2016-03-17T17:33:38","guid":{"rendered":"https:\/\/new.alsolturismo.com\/de\/trabaja-con-nosotros\/"},"modified":"2016-03-17T17:33:38","modified_gmt":"2016-03-17T17:33:38","slug":"trabaja-con-nosotros","status":"publish","type":"page","link":"https:\/\/new.alsolturismo.com\/de\/trabaja-con-nosotros\/","title":{"rendered":"Trabaja con nosotros"},"content":{"rendered":"<p>Si quieres formar parte del equipo de Alsol Turismo, cumplimenta el siguiente formulario y te incluiremos en los pr\u00f3ximos procesos de selecci\u00f3n. No olvides adjuntar tu curr\u00edculum en PDF, MS Word o TXT.<\/p>\n<div role=\"form\" class=\"wpcf7\" id=\"wpcf7-f1088-o1\" lang=\"es-ES\" dir=\"ltr\">\n<div class=\"screen-reader-response\"><p role=\"status\" aria-live=\"polite\" aria-atomic=\"true\"><\/p> <ul><\/ul><\/div>\n<form action=\"\/de\/wp-json\/wp\/v2\/pages\/1091#wpcf7-f1088-o1\" method=\"post\" class=\"wpcf7-form init\" enctype=\"multipart\/form-data\" novalidate=\"novalidate\" data-status=\"init\">\n<div style=\"display: none;\">\n<input type=\"hidden\" name=\"_wpcf7\" value=\"1088\" \/>\n<input type=\"hidden\" name=\"_wpcf7_version\" value=\"5.6.3\" \/>\n<input type=\"hidden\" name=\"_wpcf7_locale\" value=\"es_ES\" \/>\n<input type=\"hidden\" name=\"_wpcf7_unit_tag\" value=\"wpcf7-f1088-o1\" \/>\n<input type=\"hidden\" name=\"_wpcf7_container_post\" value=\"0\" \/>\n<input type=\"hidden\" name=\"_wpcf7_posted_data_hash\" value=\"\" \/>\n<input type=\"hidden\" name=\"_wpcf7_recaptcha_response\" value=\"\" \/>\n<\/div>\n<style>\n.departamento .wpcf7-list-item{\ndisplay: block;\n}\n<\/style>\n<div class=\"row\">\n<div class=\"form-group col-lg-6 col-md-6 col-sm-12 col-xs-12\">\n<label>Nombre<\/label><br \/>\n<span class=\"wpcf7-form-control-wrap\" data-name=\"nombre\"><input type=\"text\" name=\"nombre\" value=\"\" size=\"40\" class=\"wpcf7-form-control wpcf7-text wpcf7-validates-as-required form-control\" aria-required=\"true\" aria-invalid=\"false\" \/><\/span>\n<\/div>\n<div class=\"form-group col-lg-6 col-md-6 col-sm-12 col-xs-12\">\n<label>Apellidos<\/label><br \/>\n<span class=\"wpcf7-form-control-wrap\" data-name=\"apellidos\"><input type=\"text\" name=\"apellidos\" value=\"\" size=\"40\" class=\"wpcf7-form-control wpcf7-text wpcf7-validates-as-required form-control\" aria-required=\"true\" aria-invalid=\"false\" \/><\/span>\n<\/div>\n<div class=\"form-group col-lg-12 col-md-12 col-sm-12 col-xs-12\">\n<label>Correo Electr\u00f3nico<\/label><br \/>\n<span class=\"wpcf7-form-control-wrap\" data-name=\"email\"><input type=\"email\" name=\"email\" value=\"\" size=\"40\" class=\"wpcf7-form-control wpcf7-text wpcf7-email wpcf7-validates-as-required wpcf7-validates-as-email form-control\" aria-required=\"true\" aria-invalid=\"false\" \/><\/span>\n<\/div>\n<div class=\"form-group col-lg-6 col-md-6 col-sm-6 col-xs-6\">\n<label>Tel\u00e9fono<\/label><br \/>\n<span class=\"wpcf7-form-control-wrap\" data-name=\"telefono\"><input type=\"text\" name=\"telefono\" value=\"\" size=\"40\" class=\"wpcf7-form-control wpcf7-text form-control\" aria-invalid=\"false\" \/><\/span>\n<\/div>\n<div class=\"form-group col-lg-6 col-md-6 col-sm-6 col-xs-6\">\n<label>M\u00f3vil<\/label><br \/>\n<span class=\"wpcf7-form-control-wrap\" data-name=\"movil\"><input type=\"text\" name=\"movil\" value=\"\" size=\"40\" class=\"wpcf7-form-control wpcf7-text wpcf7-validates-as-required form-control\" aria-required=\"true\" aria-invalid=\"false\" \/><\/span>\n<\/div>\n<div class=\"form-group col-md-12 col-sm-12 col-xs-12\">\n<label>Departamento<\/label><br \/>\n<span class=\"wpcf7-form-control-wrap\" data-name=\"departamento\"><span class=\"wpcf7-form-control wpcf7-checkbox wpcf7-validates-as-required\"><span class=\"wpcf7-list-item first\"><input type=\"checkbox\" name=\"departamento[]\" value=\"Administraci\u00f3n\" \/><span class=\"wpcf7-list-item-label\">Administraci\u00f3n<\/span><\/span><span class=\"wpcf7-list-item\"><input type=\"checkbox\" name=\"departamento[]\" value=\"Animaci\u00f3n\" \/><span class=\"wpcf7-list-item-label\">Animaci\u00f3n<\/span><\/span><span class=\"wpcf7-list-item\"><input type=\"checkbox\" name=\"departamento[]\" value=\"Bares y Restaurantes\" \/><span class=\"wpcf7-list-item-label\">Bares y Restaurantes<\/span><\/span><span class=\"wpcf7-list-item\"><input type=\"checkbox\" name=\"departamento[]\" value=\"Cocina\" \/><span class=\"wpcf7-list-item-label\">Cocina<\/span><\/span><span class=\"wpcf7-list-item\"><input type=\"checkbox\" name=\"departamento[]\" value=\"Economato\" \/><span class=\"wpcf7-list-item-label\">Economato<\/span><\/span><span class=\"wpcf7-list-item\"><input type=\"checkbox\" name=\"departamento[]\" value=\"Marketing y Comercial\" \/><span class=\"wpcf7-list-item-label\">Marketing y Comercial<\/span><\/span><span class=\"wpcf7-list-item\"><input type=\"checkbox\" name=\"departamento[]\" value=\"Pisos\" \/><span class=\"wpcf7-list-item-label\">Pisos<\/span><\/span><span class=\"wpcf7-list-item\"><input type=\"checkbox\" name=\"departamento[]\" value=\"Recepci\u00f3n\" \/><span class=\"wpcf7-list-item-label\">Recepci\u00f3n<\/span><\/span><span class=\"wpcf7-list-item\"><input type=\"checkbox\" name=\"departamento[]\" value=\"Servicio T\u00e9cnico y Mantenimiento\" \/><span class=\"wpcf7-list-item-label\">Servicio T\u00e9cnico y Mantenimiento<\/span><\/span><span class=\"wpcf7-list-item last\"><input type=\"checkbox\" name=\"departamento[]\" value=\"Otros\" \/><span class=\"wpcf7-list-item-label\">Otros<\/span><\/span><\/span><\/span>\n<\/div>\n<div class=\"form-group col-lg-12 col-md-12 col-sm-12 col-xs-12\">\n<label>Adjunta tu curr\u00edculum en PDF, Word (doc, docx), odt o txt<\/label><br \/>\n<span class=\"wpcf7-form-control-wrap\" data-name=\"curriculum\"><input type=\"file\" name=\"curriculum\" size=\"40\" class=\"wpcf7-form-control wpcf7-file wpcf7-validates-as-required\" accept=\".pdf,.txt,.doc,.docx,.odt\" aria-required=\"true\" aria-invalid=\"false\" \/><\/span>\n<\/div>\n<div class=\"form-group col-md-12 col-sm-12 col-xs-12\">\n<label>Descr\u00edbenos en unas pocas palabras tu perfil profesional<\/label><br \/>\n<span class=\"wpcf7-form-control-wrap\" data-name=\"mensaje\"><textarea name=\"mensaje\" cols=\"40\" rows=\"3\" class=\"wpcf7-form-control wpcf7-textarea wpcf7-validates-as-required form-control\" aria-required=\"true\" aria-invalid=\"false\"><\/textarea><\/span>\n<\/div>\n<div class=\"form-group col-md-12 col-sm-12 col-xs-12\"><span class=\"wpcf7-form-control-wrap\" data-name=\"aceptacion\"><span class=\"wpcf7-form-control wpcf7-acceptance\"><span class=\"wpcf7-list-item\"><input type=\"checkbox\" name=\"aceptacion\" value=\"1\" aria-invalid=\"false\" \/><\/span><\/span><\/span> Estimado\/a candidato\/a, marque con una \u201cX\u201d la casilla anterior para facilitar su consentimiento al tratamiento de sus datos en los procesos de selecci\u00f3n de personal de ALSOL, S.L.<\/div>\n<\/div>\n<div class=\"row\">\n<div class=\"wpcf7-response-output\" aria-hidden=\"true\"><\/div>\n<\/div>\n<div class=\"row\">\n<div class=\"col-md-12 col-sm-12 col-xs-12\">\n<input type=\"submit\" value=\"Enviar Curr\u00edculum\" class=\"wpcf7-form-control has-spinner wpcf7-submit btn btn-primary\" \/>\n<\/div>\n<\/div>\n<input type='hidden' class='wpcf7-pum' value='{\"closepopup\":false,\"closedelay\":0,\"openpopup\":false,\"openpopup_id\":0}' \/><\/form><\/div>\n<p style=\"font-size: 0.8em;\">La informaci\u00f3n que nos est\u00e1 facilitando se incorporar\u00e1 a un fichero automatizado que est\u00e1 debidamente registrado en la Agencia de Protecci\u00f3n de Datos, y cumple con todas las medidas de seguridad establecidas en la legislaci\u00f3n vigente. En cualquier momento que lo desee puede usted ejercer sus derechos de acceso, rectificaci\u00f3n, oposici\u00f3n o cancelaci\u00f3n que le concede la Ley Org\u00e1nica de Protecci\u00f3n de Datos de Car\u00e1cter Personal enviando un correo electr\u00f3nico a info@santamonicasuiteshotel.com, o por correo postal a la direcci\u00f3n Paseo Costa Canaria, 116, 35100 Playa del Ingl\u00e9s, indicando en el sobre &#8222;Protecci\u00f3n de Datos&#8220;.<\/p>\n","protected":false},"excerpt":{"rendered":"<p>Si quieres formar parte del equipo de Alsol Turismo, cumplimenta el siguiente formulario y te incluiremos en los pr\u00f3ximos procesos de selecci\u00f3n. No olvides adjuntar tu curr\u00edculum en PDF, MS Word o TXT. La informaci\u00f3n que nos est\u00e1 facilitando se incorporar\u00e1 a un fichero automatizado que est\u00e1 debidamente registrado en la Agencia de Protecci\u00f3n de [&hellip;]<\/p>\n","protected":false},"author":2,"featured_media":0,"parent":0,"menu_order":0,"comment_status":"closed","ping_status":"closed","template":"","meta":{"pgc_sgb_lightbox_settings":"","footnotes":""},"acf":[],"_links":{"self":[{"href":"https:\/\/new.alsolturismo.com\/de\/wp-json\/wp\/v2\/pages\/1091"}],"collection":[{"href":"https:\/\/new.alsolturismo.com\/de\/wp-json\/wp\/v2\/pages"}],"about":[{"href":"https:\/\/new.alsolturismo.com\/de\/wp-json\/wp\/v2\/types\/page"}],"author":[{"embeddable":true,"href":"https:\/\/new.alsolturismo.com\/de\/wp-json\/wp\/v2\/users\/2"}],"replies":[{"embeddable":true,"href":"https:\/\/new.alsolturismo.com\/de\/wp-json\/wp\/v2\/comments?post=1091"}],"version-history":[{"count":0,"href":"https:\/\/new.alsolturismo.com\/de\/wp-json\/wp\/v2\/pages\/1091\/revisions"}],"wp:attachment":[{"href":"https:\/\/new.alsolturismo.com\/de\/wp-json\/wp\/v2\/media?parent=1091"}],"curies":[{"name":"wp","href":"https:\/\/api.w.org\/{rel}","templated":true}]}}