{"id":15828,"date":"2023-06-14T09:02:19","date_gmt":"2023-06-14T09:02:19","guid":{"rendered":"https:\/\/new.alsolturismo.com\/?page_id=15828"},"modified":"2023-06-14T12:43:53","modified_gmt":"2023-06-14T12:43:53","slug":"apartamentos-el-chaparral","status":"publish","type":"page","link":"https:\/\/new.alsolturismo.com\/de\/alsol-turismo-apartments\/apartamentos-el-chaparral\/","title":{"rendered":"Apartamentos El Chaparral"},"content":{"rendered":"<div id=\"bne-carousel-402\" class=\"bne-gallery-extended bne-gallery-carousel-wrapper clearfix\"><div class=\"slider-inner\"><div class=\"bne-gallery-loader\"><div class=\"bounce1\"><\/div><div class=\"bounce2\"><\/div><div class=\"bounce3\"><\/div><\/div><div class=\"roundabout-nav\"><a href=\"#\" title=\"Previous\" class=\"prev\"><i class=\"fa fa-arrow-circle-left\"><\/i><\/a><a href=\"#\" title=\"Next\" class=\"next\"><i class=\"fa fa-arrow-circle-right\"><\/i><\/a><\/div><ul class=\"carousel-slider gallery\"><li class=\"slide gallery-item image-id-15839\"><a href='https:\/\/new.alsolturismo.com\/wp-content\/uploads\/2023\/06\/5b93817f-ce7a-4dfa-9873-620e6e06c1bc.jpg'><img decoding=\"async\" width=\"168\" height=\"224\" src=\"https:\/\/new.alsolturismo.com\/wp-content\/uploads\/2023\/06\/5b93817f-ce7a-4dfa-9873-620e6e06c1bc-168x224.jpg\" class=\"attachment-medium size-medium\" alt=\"\" loading=\"eager\" srcset=\"https:\/\/new.alsolturismo.com\/wp-content\/uploads\/2023\/06\/5b93817f-ce7a-4dfa-9873-620e6e06c1bc-168x224.jpg 168w, https:\/\/new.alsolturismo.com\/wp-content\/uploads\/2023\/06\/5b93817f-ce7a-4dfa-9873-620e6e06c1bc-945x1260.jpg 945w, https:\/\/new.alsolturismo.com\/wp-content\/uploads\/2023\/06\/5b93817f-ce7a-4dfa-9873-620e6e06c1bc-768x1024.jpg 768w, https:\/\/new.alsolturismo.com\/wp-content\/uploads\/2023\/06\/5b93817f-ce7a-4dfa-9873-620e6e06c1bc-1152x1536.jpg 1152w, https:\/\/new.alsolturismo.com\/wp-content\/uploads\/2023\/06\/5b93817f-ce7a-4dfa-9873-620e6e06c1bc.jpg 1536w\" sizes=\"(max-width: 168px) 100vw, 168px\" \/><\/a><\/li><li class=\"slide gallery-item image-id-15842\"><a href='https:\/\/new.alsolturismo.com\/wp-content\/uploads\/2023\/06\/6.jpg'><img fetchpriority=\"high\" decoding=\"async\" width=\"300\" height=\"201\" src=\"https:\/\/new.alsolturismo.com\/wp-content\/uploads\/2023\/06\/6-300x201.jpg\" class=\"attachment-medium size-medium\" alt=\"\" loading=\"eager\" srcset=\"https:\/\/new.alsolturismo.com\/wp-content\/uploads\/2023\/06\/6-300x201.jpg 300w, https:\/\/new.alsolturismo.com\/wp-content\/uploads\/2023\/06\/6-768x513.jpg 768w, https:\/\/new.alsolturismo.com\/wp-content\/uploads\/2023\/06\/6.jpg 1080w\" sizes=\"(max-width: 300px) 100vw, 300px\" \/><\/a><\/li><li class=\"slide gallery-item image-id-15851\"><a href='https:\/\/new.alsolturismo.com\/wp-content\/uploads\/2023\/06\/9.jpg'><img decoding=\"async\" width=\"300\" height=\"150\" src=\"https:\/\/new.alsolturismo.com\/wp-content\/uploads\/2023\/06\/9-300x150.jpg\" class=\"attachment-medium size-medium\" alt=\"\" loading=\"eager\" srcset=\"https:\/\/new.alsolturismo.com\/wp-content\/uploads\/2023\/06\/9-300x150.jpg 300w, https:\/\/new.alsolturismo.com\/wp-content\/uploads\/2023\/06\/9-1680x840.jpg 1680w, https:\/\/new.alsolturismo.com\/wp-content\/uploads\/2023\/06\/9-768x384.jpg 768w, https:\/\/new.alsolturismo.com\/wp-content\/uploads\/2023\/06\/9-1536x768.jpg 1536w, https:\/\/new.alsolturismo.com\/wp-content\/uploads\/2023\/06\/9.jpg 2048w\" sizes=\"(max-width: 300px) 100vw, 300px\" \/><\/a><\/li><li class=\"slide gallery-item image-id-15854\"><a href='https:\/\/new.alsolturismo.com\/wp-content\/uploads\/2023\/06\/10.jpg'><img decoding=\"async\" width=\"300\" height=\"150\" src=\"https:\/\/new.alsolturismo.com\/wp-content\/uploads\/2023\/06\/10-300x150.jpg\" class=\"attachment-medium size-medium\" alt=\"\" loading=\"eager\" srcset=\"https:\/\/new.alsolturismo.com\/wp-content\/uploads\/2023\/06\/10-300x150.jpg 300w, https:\/\/new.alsolturismo.com\/wp-content\/uploads\/2023\/06\/10-1680x840.jpg 1680w, https:\/\/new.alsolturismo.com\/wp-content\/uploads\/2023\/06\/10-768x384.jpg 768w, https:\/\/new.alsolturismo.com\/wp-content\/uploads\/2023\/06\/10-1536x768.jpg 1536w, https:\/\/new.alsolturismo.com\/wp-content\/uploads\/2023\/06\/10.jpg 2048w\" sizes=\"(max-width: 300px) 100vw, 300px\" \/><\/a><\/li><li class=\"slide gallery-item image-id-15845\"><a href='https:\/\/new.alsolturismo.com\/wp-content\/uploads\/2023\/06\/7.jpg'><img decoding=\"async\" width=\"300\" height=\"150\" src=\"https:\/\/new.alsolturismo.com\/wp-content\/uploads\/2023\/06\/7-300x150.jpg\" class=\"attachment-medium size-medium\" alt=\"\" loading=\"eager\" srcset=\"https:\/\/new.alsolturismo.com\/wp-content\/uploads\/2023\/06\/7-300x150.jpg 300w, https:\/\/new.alsolturismo.com\/wp-content\/uploads\/2023\/06\/7-1680x840.jpg 1680w, https:\/\/new.alsolturismo.com\/wp-content\/uploads\/2023\/06\/7-768x384.jpg 768w, https:\/\/new.alsolturismo.com\/wp-content\/uploads\/2023\/06\/7-1536x768.jpg 1536w, https:\/\/new.alsolturismo.com\/wp-content\/uploads\/2023\/06\/7.jpg 2048w\" sizes=\"(max-width: 300px) 100vw, 300px\" \/><\/a><\/li><li class=\"slide gallery-item image-id-15833\"><a href='https:\/\/new.alsolturismo.com\/wp-content\/uploads\/2023\/06\/2.jpg'><img decoding=\"async\" width=\"300\" height=\"138\" src=\"https:\/\/new.alsolturismo.com\/wp-content\/uploads\/2023\/06\/2-300x138.jpg\" class=\"attachment-medium size-medium\" alt=\"\" loading=\"eager\" srcset=\"https:\/\/new.alsolturismo.com\/wp-content\/uploads\/2023\/06\/2-300x138.jpg 300w, https:\/\/new.alsolturismo.com\/wp-content\/uploads\/2023\/06\/2-1680x775.jpg 1680w, https:\/\/new.alsolturismo.com\/wp-content\/uploads\/2023\/06\/2-768x354.jpg 768w, https:\/\/new.alsolturismo.com\/wp-content\/uploads\/2023\/06\/2-1536x709.jpg 1536w, https:\/\/new.alsolturismo.com\/wp-content\/uploads\/2023\/06\/2.jpg 2016w\" sizes=\"(max-width: 300px) 100vw, 300px\" \/><\/a><\/li><li class=\"slide gallery-item image-id-15836\"><a href='https:\/\/new.alsolturismo.com\/wp-content\/uploads\/2023\/06\/4.jpg'><img decoding=\"async\" width=\"300\" height=\"150\" src=\"https:\/\/new.alsolturismo.com\/wp-content\/uploads\/2023\/06\/4-300x150.jpg\" class=\"attachment-medium size-medium\" alt=\"\" loading=\"eager\" srcset=\"https:\/\/new.alsolturismo.com\/wp-content\/uploads\/2023\/06\/4-300x150.jpg 300w, https:\/\/new.alsolturismo.com\/wp-content\/uploads\/2023\/06\/4-1680x840.jpg 1680w, https:\/\/new.alsolturismo.com\/wp-content\/uploads\/2023\/06\/4-768x384.jpg 768w, https:\/\/new.alsolturismo.com\/wp-content\/uploads\/2023\/06\/4-1536x768.jpg 1536w, https:\/\/new.alsolturismo.com\/wp-content\/uploads\/2023\/06\/4.jpg 2048w\" sizes=\"(max-width: 300px) 100vw, 300px\" \/><\/a><\/li><li class=\"slide gallery-item image-id-15830\"><a href='https:\/\/new.alsolturismo.com\/wp-content\/uploads\/2023\/06\/1.jpg'><img decoding=\"async\" width=\"103\" height=\"224\" src=\"https:\/\/new.alsolturismo.com\/wp-content\/uploads\/2023\/06\/1-103x224.jpg\" class=\"attachment-medium size-medium\" alt=\"\" loading=\"eager\" srcset=\"https:\/\/new.alsolturismo.com\/wp-content\/uploads\/2023\/06\/1-103x224.jpg 103w, https:\/\/new.alsolturismo.com\/wp-content\/uploads\/2023\/06\/1-580x1260.jpg 580w, https:\/\/new.alsolturismo.com\/wp-content\/uploads\/2023\/06\/1-768x1668.jpg 768w, https:\/\/new.alsolturismo.com\/wp-content\/uploads\/2023\/06\/1-707x1536.jpg 707w, https:\/\/new.alsolturismo.com\/wp-content\/uploads\/2023\/06\/1.jpg 943w\" sizes=\"(max-width: 103px) 100vw, 103px\" \/><\/a><\/li><li class=\"slide gallery-item image-id-15848\"><a href='https:\/\/new.alsolturismo.com\/wp-content\/uploads\/2023\/06\/8.jpg'><img decoding=\"async\" width=\"112\" height=\"224\" src=\"https:\/\/new.alsolturismo.com\/wp-content\/uploads\/2023\/06\/8-112x224.jpg\" class=\"attachment-medium size-medium\" alt=\"\" loading=\"eager\" srcset=\"https:\/\/new.alsolturismo.com\/wp-content\/uploads\/2023\/06\/8-112x224.jpg 112w, https:\/\/new.alsolturismo.com\/wp-content\/uploads\/2023\/06\/8-630x1260.jpg 630w, https:\/\/new.alsolturismo.com\/wp-content\/uploads\/2023\/06\/8-768x1536.jpg 768w, https:\/\/new.alsolturismo.com\/wp-content\/uploads\/2023\/06\/8.jpg 1024w\" sizes=\"(max-width: 112px) 100vw, 112px\" \/><\/a><\/li><li class=\"slide gallery-item image-id-15857\"><a href='https:\/\/new.alsolturismo.com\/wp-content\/uploads\/2023\/06\/12.jpg'><img decoding=\"async\" width=\"298\" height=\"224\" src=\"https:\/\/new.alsolturismo.com\/wp-content\/uploads\/2023\/06\/12-298x224.jpg\" class=\"attachment-medium size-medium\" alt=\"\" loading=\"eager\" srcset=\"https:\/\/new.alsolturismo.com\/wp-content\/uploads\/2023\/06\/12-298x224.jpg 298w, https:\/\/new.alsolturismo.com\/wp-content\/uploads\/2023\/06\/12-120x90.jpg 120w, https:\/\/new.alsolturismo.com\/wp-content\/uploads\/2023\/06\/12-768x576.jpg 768w, https:\/\/new.alsolturismo.com\/wp-content\/uploads\/2023\/06\/12-1536x1153.jpg 1536w, https:\/\/new.alsolturismo.com\/wp-content\/uploads\/2023\/06\/12.jpg 1599w\" sizes=\"(max-width: 298px) 100vw, 298px\" \/><\/a><\/li><\/ul><!-- .carousel-slider (end) --><\/div><!-- .slider-inner (end) --><\/div><!-- #bne-carousel-402 (end) -->\n<hr \/>\n<p>Los Apartamentos El Chaparral se encuentran a pocos metros de la playa y cerca de las famosas dunas de Maspalomas. Estos sencillos apartamentos de Playa del Ingl\u00e9s cuentan con terraza privada para disfrutar de una zona al aire libre. Ofrecen cocina completa con utensilios, tostadora, fogones y cafetera. En el sal\u00f3n hay sof\u00e1 y tienen televisi\u00f3n por sat\u00e9lite. Disponen de ba\u00f1o privado con art\u00edculos de aseo y de caja fuerte.<\/p>\n<p>En el complejo es posible disfrutar paseando por los jardines comunes, o bien d\u00e1ndose un ba\u00f1o en la piscina exterior, alrededor de la cual hay c\u00f3modas hamacas para descansar. Cuentan con conexi\u00f3n Wifi en las zonas comunes del complejo. Es posible alquilar coches o disponer del servicio de traslado al aeropuerto.<\/p>\n<p>Al pertenecer a una cadena de alojamientos, cualquier incidencia tenemos el servicio de URGENCIAS 24 HORAS en el tel\u00e9fono (0034) 648104124.<\/p>\n<p><strong>No se permite alojarse menores de edad si sus padres no est\u00e1n alojados con ellos durante toda la estancia.<\/strong><\/p>\n<div class=\"apartamento-tabs\"><ul class=\"nav nav-tabs\" id=\"oscitas-tabs-0\"><li class=\"active\"><a class=\"\" href=\"#pane-0-0\" data-toggle=\"tab\">Ubicaci\u00f3n<\/a><\/li><li class=\"\"><a class=\"\" href=\"#pane-0-1\" data-toggle=\"tab\">Contacto<\/a><\/li><\/ul><div class=\"tab-content\"><div class=\"tab-pane active\" id=\"pane-0-0\"><\/p>\n<p>Avenida de Madrid, 22<br \/>\n35100 &#8211; Playa del Ingl\u00e9s<br \/>\nGran Canaria, Islas Canarias, Espa\u00f1a<\/p>\n<p><iframe loading=\"lazy\" style=\"border: 0;\" tabindex=\"0\" src=\"https:\/\/www.google.com\/maps\/embed?pb=!1m14!1m8!1m3!1d14122.32474497042!2d-15.5646!3d27.7610611!3m2!1i1024!2i768!4f13.1!3m3!1m2!1s0xc3f62939bf8cd95%3A0x3afdfdfc02df927d!2sEl%20Chaparral!5e0!3m2!1ses-419!2ses!4v1686733393021!5m2!1ses-419!2ses\" width=\"400\" height=\"300\" frameborder=\"0\" allowfullscreen=\"allowfullscreen\" aria-hidden=\"false\"><\/iframe><\/p>\n<p><\/div><div class=\"tab-pane \" id=\"pane-0-1\"><br \/>\nTel\u00e9fono: (0034) 928 77 50 60<br \/>\nE-Mail: <a href=\"mailto:reservas@alsolturismo.es\">reservas@alsolturismo.es<\/a><\/p>\n<p><div role=\"form\" class=\"wpcf7\" id=\"wpcf7-f90-o1\" lang=\"es-ES\" dir=\"ltr\">\n<div class=\"screen-reader-response\"><p role=\"status\" aria-live=\"polite\" aria-atomic=\"true\"><\/p> <ul><\/ul><\/div>\n<form action=\"\/de\/wp-json\/wp\/v2\/pages\/15828#wpcf7-f90-o1\" method=\"post\" class=\"wpcf7-form init\" novalidate=\"novalidate\" data-status=\"init\">\n<div style=\"display: none;\">\n<input type=\"hidden\" name=\"_wpcf7\" value=\"90\" \/>\n<input type=\"hidden\" name=\"_wpcf7_version\" value=\"5.6.3\" \/>\n<input type=\"hidden\" name=\"_wpcf7_locale\" value=\"es_ES\" \/>\n<input type=\"hidden\" name=\"_wpcf7_unit_tag\" value=\"wpcf7-f90-o1\" \/>\n<input type=\"hidden\" name=\"_wpcf7_container_post\" value=\"0\" \/>\n<input type=\"hidden\" name=\"_wpcf7_posted_data_hash\" value=\"\" \/>\n<input type=\"hidden\" name=\"_wpcf7_recaptcha_response\" value=\"\" \/>\n<\/div>\n<div class=\"row\">\n<div class=\"form-group col-md-12 col-sm-12 col-xs-12\">\n<label>Nombre<\/label><br \/>\n<span class=\"wpcf7-form-control-wrap\" data-name=\"nombre\"><input type=\"text\" name=\"nombre\" value=\"\" size=\"40\" class=\"wpcf7-form-control wpcf7-text wpcf7-validates-as-required form-control\" aria-required=\"true\" aria-invalid=\"false\" \/><\/span>\n<\/div>\n<div class=\"form-group col-md-6 col-sm-12 col-xs-12\">\n<label>Correo Electr\u00f3nico<\/label><br \/>\n<span class=\"wpcf7-form-control-wrap\" data-name=\"email\"><input type=\"email\" name=\"email\" value=\"\" size=\"40\" class=\"wpcf7-form-control wpcf7-text wpcf7-email wpcf7-validates-as-required wpcf7-validates-as-email form-control\" aria-required=\"true\" aria-invalid=\"false\" \/><\/span>\n<\/div>\n<div class=\"form-group col-md-6 col-sm-6 col-xs-6\">\n<label>Tel\u00e9fono<\/label><br \/>\n<span class=\"wpcf7-form-control-wrap\" data-name=\"telefono\"><input type=\"text\" name=\"telefono\" value=\"\" size=\"40\" class=\"wpcf7-form-control wpcf7-text form-control\" aria-invalid=\"false\" \/><\/span>\n<\/div>\n<div class=\"form-group col-md-12 col-sm-12 col-xs-12\">\n<label>Asunto<\/label><br \/>\n<span class=\"wpcf7-form-control-wrap\" data-name=\"asunto\"><input type=\"text\" name=\"asunto\" value=\"\" size=\"40\" class=\"wpcf7-form-control wpcf7-text wpcf7-validates-as-required form-control\" aria-required=\"true\" aria-invalid=\"false\" \/><\/span>\n<\/div>\n<div class=\"form-group col-md-12 col-sm-12 col-xs-12\">\n<label>Mensaje<\/label><br \/>\n<span class=\"wpcf7-form-control-wrap\" data-name=\"mensaje\"><textarea name=\"mensaje\" cols=\"40\" rows=\"10\" class=\"wpcf7-form-control wpcf7-textarea wpcf7-validates-as-required form-control\" aria-required=\"true\" aria-invalid=\"false\"><\/textarea><\/span>\n<\/div>\n<\/div>\n<div class=\"row\">\n<div class=\"col-md-12 col-sm-12 col-xs-12\">\n<input type=\"submit\" value=\"Enviar Mensaje\" class=\"wpcf7-form-control has-spinner wpcf7-submit btn btn-primary\" \/>\n<\/div>\n<\/div>\n<div class=\"row\">\n<div class=\"wpcf7-response-output\" aria-hidden=\"true\"><\/div>\n<\/div>\n<input type='hidden' class='wpcf7-pum' value='{\"closepopup\":false,\"closedelay\":0,\"openpopup\":false,\"openpopup_id\":0}' \/><\/form><\/div><br \/><\/div><\/div><\/div>\n","protected":false},"excerpt":{"rendered":"<p>Los Apartamentos El Chaparral se encuentran a pocos metros de la playa y cerca de las famosas dunas de Maspalomas. Estos sencillos apartamentos de Playa del Ingl\u00e9s cuentan con terraza privada para disfrutar de una zona al aire libre. Ofrecen cocina completa con utensilios, tostadora, fogones y cafetera. En el sal\u00f3n hay sof\u00e1 y tienen [&hellip;]<\/p>\n","protected":false},"author":2,"featured_media":15871,"parent":742,"menu_order":0,"comment_status":"closed","ping_status":"closed","template":"","meta":{"pgc_sgb_lightbox_settings":"","footnotes":""},"acf":[],"_links":{"self":[{"href":"https:\/\/new.alsolturismo.com\/de\/wp-json\/wp\/v2\/pages\/15828"}],"collection":[{"href":"https:\/\/new.alsolturismo.com\/de\/wp-json\/wp\/v2\/pages"}],"about":[{"href":"https:\/\/new.alsolturismo.com\/de\/wp-json\/wp\/v2\/types\/page"}],"author":[{"embeddable":true,"href":"https:\/\/new.alsolturismo.com\/de\/wp-json\/wp\/v2\/users\/2"}],"replies":[{"embeddable":true,"href":"https:\/\/new.alsolturismo.com\/de\/wp-json\/wp\/v2\/comments?post=15828"}],"version-history":[{"count":2,"href":"https:\/\/new.alsolturismo.com\/de\/wp-json\/wp\/v2\/pages\/15828\/revisions"}],"predecessor-version":[{"id":15886,"href":"https:\/\/new.alsolturismo.com\/de\/wp-json\/wp\/v2\/pages\/15828\/revisions\/15886"}],"up":[{"embeddable":true,"href":"https:\/\/new.alsolturismo.com\/de\/wp-json\/wp\/v2\/pages\/742"}],"wp:featuredmedia":[{"embeddable":true,"href":"https:\/\/new.alsolturismo.com\/de\/wp-json\/wp\/v2\/media\/15871"}],"wp:attachment":[{"href":"https:\/\/new.alsolturismo.com\/de\/wp-json\/wp\/v2\/media?parent=15828"}],"curies":[{"name":"wp","href":"https:\/\/api.w.org\/{rel}","templated":true}]}}