{"id":16489,"date":"2023-12-05T13:44:21","date_gmt":"2023-12-05T13:44:21","guid":{"rendered":"https:\/\/new.alsolturismo.com\/mejora-de-la-productividad-y-la-competitividad\/"},"modified":"2023-12-05T13:48:40","modified_gmt":"2023-12-05T13:48:40","slug":"mejora-de-la-productividad-y-la-competitividad","status":"publish","type":"page","link":"https:\/\/new.alsolturismo.com\/de\/mejora-de-la-productividad-y-la-competitividad\/","title":{"rendered":"Mejora de la productividad y la competitividad"},"content":{"rendered":"<p><strong>Resultados obtenidos:<\/strong><\/p>\n<ul>\n<li>Se ha logrado una mayor satisfacci\u00f3n y fidelizaci\u00f3n de los clientes, gracias a la mejora en la calidad y el confort de los alojamientos ofrecidos en ambos complejos.<\/li>\n<li>Se ha registrado un aumento en la ocupaci\u00f3n y las ventas en los complejos Todoque y Bungalows Tenesoya, como consecuencia de la modernizaci\u00f3n de las instalaciones y la mejora en la calidad del servicio ofrecido.<\/li>\n<li>Se ha mejorado la eficiencia energ\u00e9tica y la sostenibilidad de los complejos, a trav\u00e9s de la adquisici\u00f3n de electrodom\u00e9sticos m\u00e1s eficientes y ecol\u00f3gicos.<\/li>\n<li>Se ha incrementado la competitividad de la empresa en el mercado tur\u00edstico, posicionando a Explotaciones Alsol Turismo SL como una opci\u00f3n de alojamiento de calidad en Gran Canaria.<\/li>\n<li>Se ha contribuido al desarrollo econ\u00f3mico local, al atraer a un mayor n\u00famero de clientes y generar un aumento del gasto tur\u00edstico en la zona.<\/li>\n<\/ul>\n<hr \/>\n<p style=\"text-align: center;\"><a href=\"https:\/\/new.alsolturismo.com\/wp-content\/uploads\/2023\/12\/mejora-productividad-1.png\"><img loading=\"lazy\" decoding=\"async\" class=\"wp-image-16484 size-medium aligncenter\" src=\"https:\/\/new.alsolturismo.com\/wp-content\/uploads\/2023\/12\/mejora-productividad-1-300x190.png\" alt=\"\" width=\"300\" height=\"190\" srcset=\"https:\/\/new.alsolturismo.com\/wp-content\/uploads\/2023\/12\/mejora-productividad-1-300x190.png 300w, https:\/\/new.alsolturismo.com\/wp-content\/uploads\/2023\/12\/mejora-productividad-1-768x485.png 768w, https:\/\/new.alsolturismo.com\/wp-content\/uploads\/2023\/12\/mejora-productividad-1.png 1258w\" sizes=\"(max-width: 300px) 100vw, 300px\" \/><\/a><br \/><span style=\"font-size: 11px;\">Haga clic sobre la imagen para ampliar<\/span><\/p>\n","protected":false},"excerpt":{"rendered":"<p>Resultados obtenidos: Se ha logrado una mayor satisfacci\u00f3n y fidelizaci\u00f3n de los clientes, gracias a la mejora en la calidad y el confort de los alojamientos ofrecidos en ambos complejos. Se ha registrado un aumento en la ocupaci\u00f3n y las ventas en los complejos Todoque y Bungalows Tenesoya, como consecuencia de la modernizaci\u00f3n de las [&hellip;]<\/p>\n","protected":false},"author":2,"featured_media":0,"parent":0,"menu_order":0,"comment_status":"closed","ping_status":"closed","template":"","meta":{"pgc_sgb_lightbox_settings":"","footnotes":""},"acf":[],"_links":{"self":[{"href":"https:\/\/new.alsolturismo.com\/de\/wp-json\/wp\/v2\/pages\/16489"}],"collection":[{"href":"https:\/\/new.alsolturismo.com\/de\/wp-json\/wp\/v2\/pages"}],"about":[{"href":"https:\/\/new.alsolturismo.com\/de\/wp-json\/wp\/v2\/types\/page"}],"author":[{"embeddable":true,"href":"https:\/\/new.alsolturismo.com\/de\/wp-json\/wp\/v2\/users\/2"}],"replies":[{"embeddable":true,"href":"https:\/\/new.alsolturismo.com\/de\/wp-json\/wp\/v2\/comments?post=16489"}],"version-history":[{"count":3,"href":"https:\/\/new.alsolturismo.com\/de\/wp-json\/wp\/v2\/pages\/16489\/revisions"}],"predecessor-version":[{"id":16499,"href":"https:\/\/new.alsolturismo.com\/de\/wp-json\/wp\/v2\/pages\/16489\/revisions\/16499"}],"wp:attachment":[{"href":"https:\/\/new.alsolturismo.com\/de\/wp-json\/wp\/v2\/media?parent=16489"}],"curies":[{"name":"wp","href":"https:\/\/api.w.org\/{rel}","templated":true}]}}