{"id":16551,"date":"2023-12-20T10:25:15","date_gmt":"2023-12-20T10:25:15","guid":{"rendered":"https:\/\/new.alsolturismo.com\/canal-etico\/"},"modified":"2023-12-20T10:38:28","modified_gmt":"2023-12-20T10:38:28","slug":"canal-etico","status":"publish","type":"page","link":"https:\/\/new.alsolturismo.com\/de\/canal-etico\/","title":{"rendered":"Canal \u00c9tico"},"content":{"rendered":"<p>Para acceder al Canal \u00c9tico haga clic en el siguiente enlace o escenee el c\u00f3digo QR:<\/p>\n<p><span class=\"glyphicon glyphicon-link\"><\/span> <a href=\"https:\/\/grupoconstruplan.es\/canal-etico\" target=\"_blank\" rel=\"noopener\">https:\/\/grupoconstruplan.es\/canal-etico<\/a><\/p>\n<hr \/>\n<p><a href=\"https:\/\/new.alsolturismo.com\/wp-content\/uploads\/2023\/12\/canal-etico-qr.png\"><img loading=\"lazy\" decoding=\"async\" class=\"alignnone wp-image-16544 \" src=\"https:\/\/new.alsolturismo.com\/wp-content\/uploads\/2023\/12\/canal-etico-qr.png\" alt=\"\" width=\"682\" height=\"397\" srcset=\"https:\/\/new.alsolturismo.com\/wp-content\/uploads\/2023\/12\/canal-etico-qr.png 1291w, https:\/\/new.alsolturismo.com\/wp-content\/uploads\/2023\/12\/canal-etico-qr-300x175.png 300w, https:\/\/new.alsolturismo.com\/wp-content\/uploads\/2023\/12\/canal-etico-qr-768x447.png 768w\" sizes=\"(max-width: 682px) 100vw, 682px\" \/><\/a><\/p>\n","protected":false},"excerpt":{"rendered":"<p>Para acceder al Canal \u00c9tico haga clic en el siguiente enlace o escenee el c\u00f3digo QR: https:\/\/grupoconstruplan.es\/canal-etico<\/p>\n","protected":false},"author":2,"featured_media":0,"parent":0,"menu_order":0,"comment_status":"closed","ping_status":"closed","template":"","meta":{"pgc_sgb_lightbox_settings":"","footnotes":""},"acf":[],"_links":{"self":[{"href":"https:\/\/new.alsolturismo.com\/de\/wp-json\/wp\/v2\/pages\/16551"}],"collection":[{"href":"https:\/\/new.alsolturismo.com\/de\/wp-json\/wp\/v2\/pages"}],"about":[{"href":"https:\/\/new.alsolturismo.com\/de\/wp-json\/wp\/v2\/types\/page"}],"author":[{"embeddable":true,"href":"https:\/\/new.alsolturismo.com\/de\/wp-json\/wp\/v2\/users\/2"}],"replies":[{"embeddable":true,"href":"https:\/\/new.alsolturismo.com\/de\/wp-json\/wp\/v2\/comments?post=16551"}],"version-history":[{"count":3,"href":"https:\/\/new.alsolturismo.com\/de\/wp-json\/wp\/v2\/pages\/16551\/revisions"}],"predecessor-version":[{"id":16566,"href":"https:\/\/new.alsolturismo.com\/de\/wp-json\/wp\/v2\/pages\/16551\/revisions\/16566"}],"wp:attachment":[{"href":"https:\/\/new.alsolturismo.com\/de\/wp-json\/wp\/v2\/media?parent=16551"}],"curies":[{"name":"wp","href":"https:\/\/api.w.org\/{rel}","templated":true}]}}