{"id":3252,"date":"2018-04-09T10:36:56","date_gmt":"2018-04-09T10:36:56","guid":{"rendered":"https:\/\/new.alsolturismo.com\/de\/apartamentos-las-perlas\/"},"modified":"2022-06-17T07:23:50","modified_gmt":"2022-06-17T07:23:50","slug":"apartamentos-las-perlas","status":"publish","type":"page","link":"https:\/\/new.alsolturismo.com\/de\/alsol-turismo-apartments\/apartamentos-las-perlas\/","title":{"rendered":"Apartments Las Perlas"},"content":{"rendered":"<div id=\"bne-carousel-453\" class=\"bne-gallery-extended bne-gallery-carousel-wrapper clearfix\"><div class=\"slider-inner\"><div class=\"bne-gallery-loader\"><div class=\"bounce1\"><\/div><div class=\"bounce2\"><\/div><div class=\"bounce3\"><\/div><\/div><div class=\"roundabout-nav\"><a href=\"#\" title=\"Previous\" class=\"prev\"><i class=\"fa fa-arrow-circle-left\"><\/i><\/a><a href=\"#\" title=\"Next\" class=\"next\"><i class=\"fa fa-arrow-circle-right\"><\/i><\/a><\/div><ul class=\"carousel-slider gallery\"><li class=\"slide gallery-item image-id-7957\"><a href='https:\/\/new.alsolturismo.com\/wp-content\/uploads\/2019\/10\/las-perlas-2019-10.jpg'><img fetchpriority=\"high\" decoding=\"async\" width=\"300\" height=\"200\" src=\"https:\/\/new.alsolturismo.com\/wp-content\/uploads\/2019\/10\/las-perlas-2019-10-300x200.jpg\" class=\"attachment-medium size-medium\" alt=\"\" loading=\"eager\" srcset=\"https:\/\/new.alsolturismo.com\/wp-content\/uploads\/2019\/10\/las-perlas-2019-10-300x200.jpg 300w, https:\/\/new.alsolturismo.com\/wp-content\/uploads\/2019\/10\/las-perlas-2019-10-768x512.jpg 768w, https:\/\/new.alsolturismo.com\/wp-content\/uploads\/2019\/10\/las-perlas-2019-10-1680x1120.jpg 1680w, https:\/\/new.alsolturismo.com\/wp-content\/uploads\/2019\/10\/las-perlas-2019-10-450x300.jpg 450w, https:\/\/new.alsolturismo.com\/wp-content\/uploads\/2019\/10\/las-perlas-2019-10-700x467.jpg 700w, https:\/\/new.alsolturismo.com\/wp-content\/uploads\/2019\/10\/las-perlas-2019-10.jpg 1920w\" sizes=\"(max-width: 300px) 100vw, 300px\" \/><\/a><\/li><li class=\"slide gallery-item image-id-10342\"><a href='https:\/\/new.alsolturismo.com\/wp-content\/uploads\/2018\/04\/las-perlas-1.jpg'><img decoding=\"async\" width=\"300\" height=\"200\" src=\"https:\/\/new.alsolturismo.com\/wp-content\/uploads\/2018\/04\/las-perlas-1-300x200.jpg\" class=\"attachment-medium size-medium\" alt=\"\" loading=\"eager\" srcset=\"https:\/\/new.alsolturismo.com\/wp-content\/uploads\/2018\/04\/las-perlas-1-300x200.jpg 300w, https:\/\/new.alsolturismo.com\/wp-content\/uploads\/2018\/04\/las-perlas-1-768x512.jpg 768w, https:\/\/new.alsolturismo.com\/wp-content\/uploads\/2018\/04\/las-perlas-1-700x467.jpg 700w, https:\/\/new.alsolturismo.com\/wp-content\/uploads\/2018\/04\/las-perlas-1.jpg 1024w\" sizes=\"(max-width: 300px) 100vw, 300px\" \/><\/a><\/li><li class=\"slide gallery-item image-id-7954\"><a href='https:\/\/new.alsolturismo.com\/wp-content\/uploads\/2019\/10\/las-perlas-2019-9.jpg'><img decoding=\"async\" width=\"300\" height=\"200\" src=\"https:\/\/new.alsolturismo.com\/wp-content\/uploads\/2019\/10\/las-perlas-2019-9-300x200.jpg\" class=\"attachment-medium size-medium\" alt=\"\" loading=\"eager\" srcset=\"https:\/\/new.alsolturismo.com\/wp-content\/uploads\/2019\/10\/las-perlas-2019-9-300x200.jpg 300w, https:\/\/new.alsolturismo.com\/wp-content\/uploads\/2019\/10\/las-perlas-2019-9-768x512.jpg 768w, https:\/\/new.alsolturismo.com\/wp-content\/uploads\/2019\/10\/las-perlas-2019-9-1680x1120.jpg 1680w, https:\/\/new.alsolturismo.com\/wp-content\/uploads\/2019\/10\/las-perlas-2019-9-450x300.jpg 450w, https:\/\/new.alsolturismo.com\/wp-content\/uploads\/2019\/10\/las-perlas-2019-9-700x467.jpg 700w, https:\/\/new.alsolturismo.com\/wp-content\/uploads\/2019\/10\/las-perlas-2019-9.jpg 1920w\" sizes=\"(max-width: 300px) 100vw, 300px\" \/><\/a><\/li><li class=\"slide gallery-item image-id-10339\"><a href='https:\/\/new.alsolturismo.com\/wp-content\/uploads\/2018\/04\/las-perlas-5.jpg'><img decoding=\"async\" width=\"300\" height=\"224\" src=\"https:\/\/new.alsolturismo.com\/wp-content\/uploads\/2018\/04\/las-perlas-5-300x224.jpg\" class=\"attachment-medium size-medium\" alt=\"\" loading=\"eager\" srcset=\"https:\/\/new.alsolturismo.com\/wp-content\/uploads\/2018\/04\/las-perlas-5-300x224.jpg 300w, https:\/\/new.alsolturismo.com\/wp-content\/uploads\/2018\/04\/las-perlas-5-120x90.jpg 120w, https:\/\/new.alsolturismo.com\/wp-content\/uploads\/2018\/04\/las-perlas-5-768x576.jpg 768w, https:\/\/new.alsolturismo.com\/wp-content\/uploads\/2018\/04\/las-perlas-5-700x525.jpg 700w, https:\/\/new.alsolturismo.com\/wp-content\/uploads\/2018\/04\/las-perlas-5.jpg 800w\" sizes=\"(max-width: 300px) 100vw, 300px\" \/><\/a><\/li><li class=\"slide gallery-item image-id-10340\"><a href='https:\/\/new.alsolturismo.com\/wp-content\/uploads\/2018\/04\/las-perlas-4.jpg'><img decoding=\"async\" width=\"300\" height=\"224\" src=\"https:\/\/new.alsolturismo.com\/wp-content\/uploads\/2018\/04\/las-perlas-4-300x224.jpg\" class=\"attachment-medium size-medium\" alt=\"\" loading=\"eager\" srcset=\"https:\/\/new.alsolturismo.com\/wp-content\/uploads\/2018\/04\/las-perlas-4-300x224.jpg 300w, https:\/\/new.alsolturismo.com\/wp-content\/uploads\/2018\/04\/las-perlas-4-120x90.jpg 120w, https:\/\/new.alsolturismo.com\/wp-content\/uploads\/2018\/04\/las-perlas-4-768x576.jpg 768w, https:\/\/new.alsolturismo.com\/wp-content\/uploads\/2018\/04\/las-perlas-4-700x525.jpg 700w, https:\/\/new.alsolturismo.com\/wp-content\/uploads\/2018\/04\/las-perlas-4.jpg 800w\" sizes=\"(max-width: 300px) 100vw, 300px\" \/><\/a><\/li><li class=\"slide gallery-item image-id-10341\"><a href='https:\/\/new.alsolturismo.com\/wp-content\/uploads\/2018\/04\/las-perlas-3.jpg'><img decoding=\"async\" width=\"300\" height=\"201\" src=\"https:\/\/new.alsolturismo.com\/wp-content\/uploads\/2018\/04\/las-perlas-3-300x201.jpg\" class=\"attachment-medium size-medium\" alt=\"\" loading=\"eager\" srcset=\"https:\/\/new.alsolturismo.com\/wp-content\/uploads\/2018\/04\/las-perlas-3-300x201.jpg 300w, https:\/\/new.alsolturismo.com\/wp-content\/uploads\/2018\/04\/las-perlas-3-768x514.jpg 768w, https:\/\/new.alsolturismo.com\/wp-content\/uploads\/2018\/04\/las-perlas-3-700x468.jpg 700w, https:\/\/new.alsolturismo.com\/wp-content\/uploads\/2018\/04\/las-perlas-3.jpg 1024w\" sizes=\"(max-width: 300px) 100vw, 300px\" \/><\/a><\/li><li class=\"slide gallery-item image-id-10343\"><a href='https:\/\/new.alsolturismo.com\/wp-content\/uploads\/2018\/04\/las-perlas-2.jpg'><img decoding=\"async\" width=\"300\" height=\"224\" src=\"https:\/\/new.alsolturismo.com\/wp-content\/uploads\/2018\/04\/las-perlas-2-300x224.jpg\" class=\"attachment-medium size-medium\" alt=\"\" loading=\"eager\" srcset=\"https:\/\/new.alsolturismo.com\/wp-content\/uploads\/2018\/04\/las-perlas-2-300x224.jpg 300w, https:\/\/new.alsolturismo.com\/wp-content\/uploads\/2018\/04\/las-perlas-2-120x90.jpg 120w, https:\/\/new.alsolturismo.com\/wp-content\/uploads\/2018\/04\/las-perlas-2.jpg 500w\" sizes=\"(max-width: 300px) 100vw, 300px\" \/><\/a><\/li><li class=\"slide gallery-item image-id-7960\"><a href='https:\/\/new.alsolturismo.com\/wp-content\/uploads\/2019\/10\/las-perlas-2019-11.jpg'><img decoding=\"async\" width=\"300\" height=\"200\" src=\"https:\/\/new.alsolturismo.com\/wp-content\/uploads\/2019\/10\/las-perlas-2019-11-300x200.jpg\" class=\"attachment-medium size-medium\" alt=\"\" loading=\"eager\" srcset=\"https:\/\/new.alsolturismo.com\/wp-content\/uploads\/2019\/10\/las-perlas-2019-11-300x200.jpg 300w, https:\/\/new.alsolturismo.com\/wp-content\/uploads\/2019\/10\/las-perlas-2019-11-768x512.jpg 768w, https:\/\/new.alsolturismo.com\/wp-content\/uploads\/2019\/10\/las-perlas-2019-11-1680x1120.jpg 1680w, https:\/\/new.alsolturismo.com\/wp-content\/uploads\/2019\/10\/las-perlas-2019-11-450x300.jpg 450w, https:\/\/new.alsolturismo.com\/wp-content\/uploads\/2019\/10\/las-perlas-2019-11-700x467.jpg 700w, https:\/\/new.alsolturismo.com\/wp-content\/uploads\/2019\/10\/las-perlas-2019-11.jpg 1920w\" sizes=\"(max-width: 300px) 100vw, 300px\" \/><\/a><\/li><li class=\"slide gallery-item image-id-7951\"><a href='https:\/\/new.alsolturismo.com\/wp-content\/uploads\/2019\/10\/las-perlas-2019-8.jpg'><img decoding=\"async\" width=\"300\" height=\"200\" src=\"https:\/\/new.alsolturismo.com\/wp-content\/uploads\/2019\/10\/las-perlas-2019-8-300x200.jpg\" class=\"attachment-medium size-medium\" alt=\"\" loading=\"eager\" srcset=\"https:\/\/new.alsolturismo.com\/wp-content\/uploads\/2019\/10\/las-perlas-2019-8-300x200.jpg 300w, https:\/\/new.alsolturismo.com\/wp-content\/uploads\/2019\/10\/las-perlas-2019-8-768x512.jpg 768w, https:\/\/new.alsolturismo.com\/wp-content\/uploads\/2019\/10\/las-perlas-2019-8-1680x1120.jpg 1680w, https:\/\/new.alsolturismo.com\/wp-content\/uploads\/2019\/10\/las-perlas-2019-8-450x300.jpg 450w, https:\/\/new.alsolturismo.com\/wp-content\/uploads\/2019\/10\/las-perlas-2019-8-700x467.jpg 700w, https:\/\/new.alsolturismo.com\/wp-content\/uploads\/2019\/10\/las-perlas-2019-8.jpg 1920w\" sizes=\"(max-width: 300px) 100vw, 300px\" \/><\/a><\/li><li class=\"slide gallery-item image-id-7933\"><a href='https:\/\/new.alsolturismo.com\/wp-content\/uploads\/2019\/10\/las-perlas-2019-2.jpg'><img decoding=\"async\" width=\"300\" height=\"200\" src=\"https:\/\/new.alsolturismo.com\/wp-content\/uploads\/2019\/10\/las-perlas-2019-2-300x200.jpg\" class=\"attachment-medium size-medium\" alt=\"\" loading=\"eager\" srcset=\"https:\/\/new.alsolturismo.com\/wp-content\/uploads\/2019\/10\/las-perlas-2019-2-300x200.jpg 300w, https:\/\/new.alsolturismo.com\/wp-content\/uploads\/2019\/10\/las-perlas-2019-2-768x512.jpg 768w, https:\/\/new.alsolturismo.com\/wp-content\/uploads\/2019\/10\/las-perlas-2019-2-1680x1120.jpg 1680w, https:\/\/new.alsolturismo.com\/wp-content\/uploads\/2019\/10\/las-perlas-2019-2-450x300.jpg 450w, https:\/\/new.alsolturismo.com\/wp-content\/uploads\/2019\/10\/las-perlas-2019-2-700x467.jpg 700w, https:\/\/new.alsolturismo.com\/wp-content\/uploads\/2019\/10\/las-perlas-2019-2.jpg 1920w\" sizes=\"(max-width: 300px) 100vw, 300px\" \/><\/a><\/li><li class=\"slide gallery-item image-id-7936\"><a href='https:\/\/new.alsolturismo.com\/wp-content\/uploads\/2019\/10\/las-perlas-2019-3.jpg'><img decoding=\"async\" width=\"300\" height=\"200\" src=\"https:\/\/new.alsolturismo.com\/wp-content\/uploads\/2019\/10\/las-perlas-2019-3-300x200.jpg\" class=\"attachment-medium size-medium\" alt=\"\" loading=\"eager\" srcset=\"https:\/\/new.alsolturismo.com\/wp-content\/uploads\/2019\/10\/las-perlas-2019-3-300x200.jpg 300w, https:\/\/new.alsolturismo.com\/wp-content\/uploads\/2019\/10\/las-perlas-2019-3-768x512.jpg 768w, https:\/\/new.alsolturismo.com\/wp-content\/uploads\/2019\/10\/las-perlas-2019-3-1680x1120.jpg 1680w, https:\/\/new.alsolturismo.com\/wp-content\/uploads\/2019\/10\/las-perlas-2019-3-450x300.jpg 450w, https:\/\/new.alsolturismo.com\/wp-content\/uploads\/2019\/10\/las-perlas-2019-3-700x467.jpg 700w, https:\/\/new.alsolturismo.com\/wp-content\/uploads\/2019\/10\/las-perlas-2019-3.jpg 1920w\" sizes=\"(max-width: 300px) 100vw, 300px\" \/><\/a><\/li><li class=\"slide gallery-item image-id-7939\"><a href='https:\/\/new.alsolturismo.com\/wp-content\/uploads\/2019\/10\/las-perlas-2019-4.jpg'><img decoding=\"async\" width=\"300\" height=\"200\" src=\"https:\/\/new.alsolturismo.com\/wp-content\/uploads\/2019\/10\/las-perlas-2019-4-300x200.jpg\" class=\"attachment-medium size-medium\" alt=\"\" loading=\"eager\" srcset=\"https:\/\/new.alsolturismo.com\/wp-content\/uploads\/2019\/10\/las-perlas-2019-4-300x200.jpg 300w, https:\/\/new.alsolturismo.com\/wp-content\/uploads\/2019\/10\/las-perlas-2019-4-768x512.jpg 768w, https:\/\/new.alsolturismo.com\/wp-content\/uploads\/2019\/10\/las-perlas-2019-4-1680x1120.jpg 1680w, https:\/\/new.alsolturismo.com\/wp-content\/uploads\/2019\/10\/las-perlas-2019-4-450x300.jpg 450w, https:\/\/new.alsolturismo.com\/wp-content\/uploads\/2019\/10\/las-perlas-2019-4-700x467.jpg 700w, https:\/\/new.alsolturismo.com\/wp-content\/uploads\/2019\/10\/las-perlas-2019-4.jpg 1920w\" sizes=\"(max-width: 300px) 100vw, 300px\" \/><\/a><\/li><li class=\"slide gallery-item image-id-7942\"><a href='https:\/\/new.alsolturismo.com\/wp-content\/uploads\/2019\/10\/las-perlas-2019-5.jpg'><img decoding=\"async\" width=\"300\" height=\"200\" src=\"https:\/\/new.alsolturismo.com\/wp-content\/uploads\/2019\/10\/las-perlas-2019-5-300x200.jpg\" class=\"attachment-medium size-medium\" alt=\"\" loading=\"eager\" srcset=\"https:\/\/new.alsolturismo.com\/wp-content\/uploads\/2019\/10\/las-perlas-2019-5-300x200.jpg 300w, https:\/\/new.alsolturismo.com\/wp-content\/uploads\/2019\/10\/las-perlas-2019-5-768x512.jpg 768w, https:\/\/new.alsolturismo.com\/wp-content\/uploads\/2019\/10\/las-perlas-2019-5-1680x1120.jpg 1680w, https:\/\/new.alsolturismo.com\/wp-content\/uploads\/2019\/10\/las-perlas-2019-5-450x300.jpg 450w, https:\/\/new.alsolturismo.com\/wp-content\/uploads\/2019\/10\/las-perlas-2019-5-700x467.jpg 700w, https:\/\/new.alsolturismo.com\/wp-content\/uploads\/2019\/10\/las-perlas-2019-5.jpg 1920w\" sizes=\"(max-width: 300px) 100vw, 300px\" \/><\/a><\/li><li class=\"slide gallery-item image-id-7945\"><a href='https:\/\/new.alsolturismo.com\/wp-content\/uploads\/2019\/10\/las-perlas-2019-6.jpg'><img decoding=\"async\" width=\"300\" height=\"200\" src=\"https:\/\/new.alsolturismo.com\/wp-content\/uploads\/2019\/10\/las-perlas-2019-6-300x200.jpg\" class=\"attachment-medium size-medium\" alt=\"\" loading=\"eager\" srcset=\"https:\/\/new.alsolturismo.com\/wp-content\/uploads\/2019\/10\/las-perlas-2019-6-300x200.jpg 300w, https:\/\/new.alsolturismo.com\/wp-content\/uploads\/2019\/10\/las-perlas-2019-6-768x512.jpg 768w, https:\/\/new.alsolturismo.com\/wp-content\/uploads\/2019\/10\/las-perlas-2019-6-1680x1120.jpg 1680w, https:\/\/new.alsolturismo.com\/wp-content\/uploads\/2019\/10\/las-perlas-2019-6-450x300.jpg 450w, https:\/\/new.alsolturismo.com\/wp-content\/uploads\/2019\/10\/las-perlas-2019-6-700x467.jpg 700w, https:\/\/new.alsolturismo.com\/wp-content\/uploads\/2019\/10\/las-perlas-2019-6.jpg 1920w\" sizes=\"(max-width: 300px) 100vw, 300px\" \/><\/a><\/li><li class=\"slide gallery-item image-id-7948\"><a href='https:\/\/new.alsolturismo.com\/wp-content\/uploads\/2019\/10\/las-perlas-2019-7.jpg'><img decoding=\"async\" width=\"300\" height=\"200\" src=\"https:\/\/new.alsolturismo.com\/wp-content\/uploads\/2019\/10\/las-perlas-2019-7-300x200.jpg\" class=\"attachment-medium size-medium\" alt=\"\" loading=\"eager\" srcset=\"https:\/\/new.alsolturismo.com\/wp-content\/uploads\/2019\/10\/las-perlas-2019-7-300x200.jpg 300w, https:\/\/new.alsolturismo.com\/wp-content\/uploads\/2019\/10\/las-perlas-2019-7-768x512.jpg 768w, https:\/\/new.alsolturismo.com\/wp-content\/uploads\/2019\/10\/las-perlas-2019-7-1680x1120.jpg 1680w, https:\/\/new.alsolturismo.com\/wp-content\/uploads\/2019\/10\/las-perlas-2019-7-450x300.jpg 450w, https:\/\/new.alsolturismo.com\/wp-content\/uploads\/2019\/10\/las-perlas-2019-7-700x467.jpg 700w, https:\/\/new.alsolturismo.com\/wp-content\/uploads\/2019\/10\/las-perlas-2019-7.jpg 1920w\" sizes=\"(max-width: 300px) 100vw, 300px\" \/><\/a><\/li><li class=\"slide gallery-item image-id-7930\"><a href='https:\/\/new.alsolturismo.com\/wp-content\/uploads\/2019\/10\/las-perlas-2019-1.jpg'><img decoding=\"async\" width=\"300\" height=\"200\" src=\"https:\/\/new.alsolturismo.com\/wp-content\/uploads\/2019\/10\/las-perlas-2019-1-300x200.jpg\" class=\"attachment-medium size-medium\" alt=\"\" loading=\"eager\" srcset=\"https:\/\/new.alsolturismo.com\/wp-content\/uploads\/2019\/10\/las-perlas-2019-1-300x200.jpg 300w, https:\/\/new.alsolturismo.com\/wp-content\/uploads\/2019\/10\/las-perlas-2019-1-768x512.jpg 768w, https:\/\/new.alsolturismo.com\/wp-content\/uploads\/2019\/10\/las-perlas-2019-1-1680x1120.jpg 1680w, https:\/\/new.alsolturismo.com\/wp-content\/uploads\/2019\/10\/las-perlas-2019-1-450x300.jpg 450w, https:\/\/new.alsolturismo.com\/wp-content\/uploads\/2019\/10\/las-perlas-2019-1-700x467.jpg 700w, https:\/\/new.alsolturismo.com\/wp-content\/uploads\/2019\/10\/las-perlas-2019-1.jpg 1920w\" sizes=\"(max-width: 300px) 100vw, 300px\" \/><\/a><\/li><li class=\"slide gallery-item image-id-7963\"><a href='https:\/\/new.alsolturismo.com\/wp-content\/uploads\/2019\/10\/las-perlas-2019-12.jpg'><img decoding=\"async\" width=\"300\" height=\"200\" src=\"https:\/\/new.alsolturismo.com\/wp-content\/uploads\/2019\/10\/las-perlas-2019-12-300x200.jpg\" class=\"attachment-medium size-medium\" alt=\"\" loading=\"eager\" srcset=\"https:\/\/new.alsolturismo.com\/wp-content\/uploads\/2019\/10\/las-perlas-2019-12-300x200.jpg 300w, https:\/\/new.alsolturismo.com\/wp-content\/uploads\/2019\/10\/las-perlas-2019-12-768x512.jpg 768w, https:\/\/new.alsolturismo.com\/wp-content\/uploads\/2019\/10\/las-perlas-2019-12-1680x1120.jpg 1680w, https:\/\/new.alsolturismo.com\/wp-content\/uploads\/2019\/10\/las-perlas-2019-12-450x300.jpg 450w, https:\/\/new.alsolturismo.com\/wp-content\/uploads\/2019\/10\/las-perlas-2019-12-700x467.jpg 700w, https:\/\/new.alsolturismo.com\/wp-content\/uploads\/2019\/10\/las-perlas-2019-12.jpg 1920w\" sizes=\"(max-width: 300px) 100vw, 300px\" \/><\/a><\/li><\/ul><!-- .carousel-slider (end) --><\/div><!-- .slider-inner (end) --><\/div><!-- #bne-carousel-453 (end) -->\n<hr \/>\n<div id=\"summary\" class=\"\"><\/div>\n<p>In Playa del Ingles, 1,7 km vom Yumbo Center und 3,8 km vom Cita Centre entfernt, bietet das Apartments Las Perlas Unterk\u00fcnfte mit kostenfreiem WLAN, Klimaanlage, einem Au\u00dfenpool und einer Terrasse. Die Unterkunft mit Stadtblick liegt 100 m von Playa Del Cochino und 700 m von Playas Del Veril entfernt.<\/p>\n<p>Dieses Apartment verf\u00fcgt \u00fcber 2 Schlafzimmer, ein Wohnzimmer und einen Flachbild-TV, eine komplett ausgestattete K\u00fcche mit einem Essbereich sowie 1 Bad mit einer Badewanne oder einer Dusche und einer Waschmaschine.<\/p>\n<p>Im Apartment stehen Ihnen ein Fahrradverleih und eine Autovermietung zur Verf\u00fcgung.<\/p>\n<p>Playa De Las Burras liegt 2,6 km vom Alsol Las Perlas entfernt und Playa Del Ingles erreichen Sie nach 3,7 km. Der n\u00e4chste Flughafen ist der 29 km von der Unterkunft entfernte Flughafen Gran Canaria. Die Unterkunft bietet einen kostenpflichtigen Flughafentransfer.<br \/>\nLaut unabh\u00e4ngiger G\u00e4stebewertungen ist das der beliebteste Teil von Playa del Ingl\u00e9s.<\/p>\n<p><strong>Minderj\u00e4hrige d\u00fcrfen nicht bleiben, wenn ihre eltern w\u00e4hrend des gesamten aufenthalts nicht bei ihnen bleiben.<\/strong><\/p>\n<p><strong>Das sichere im zimmer kostet 15 \u20ac pro woche und 10 \u20ac einzahlung.<\/strong><\/p>\n<div class=\"apartamento-tabs\"><ul class=\"nav nav-tabs\" id=\"oscitas-tabs-0\"><li class=\"active\"><a class=\"\" href=\"#pane-0-0\" data-toggle=\"tab\">Lage<\/a><\/li><li class=\"\"><a class=\"\" href=\"#pane-0-1\" data-toggle=\"tab\">Kontakt<\/a><\/li><\/ul><div class=\"tab-content\"><div class=\"tab-pane active\" id=\"pane-0-0\"><\/p>\n<p><span class=\"section-info-text\"><span class=\"widget-pane-link\">Avenida de Madrid 30<\/span><\/span><br \/>\n35100 &#8211; Playa del Ingl\u00e9s<br \/>\nGran Canaria, Islas Canarias, Espa\u00f1a<\/p>\n<p><iframe loading=\"lazy\" src=\"https:\/\/www.google.com\/maps\/embed?pb=!1m18!1m12!1m3!1d3530.6316968043166!2d-15.568359384936823!3d27.759503782770405!2m3!1f0!2f0!3f0!3m2!1i1024!2i768!4f13.1!3m3!1m2!1s0xc3f6294be11ddc7%3A0x2fc05765d04482f2!2sAv.+de+Madrid%2C+30%2C+35100+San+Bartolom%C3%A9+de+Tirajana%2C+Las+Palmas!5e0!3m2!1ses!2ses!4v1523271013966\" width=\"600\" height=\"450\" frameborder=\"0\" allowfullscreen=\"allowfullscreen\"><\/iframe><\/p>\n<p><\/div><div class=\"tab-pane \" id=\"pane-0-1\"><br \/>\nTel.: (0034) 928 77 50 60<br \/>\nEmail: <a href=\"mailto:reservas@alsolturismo.es\">reservas@alsolturismo.es<\/a><\/p>\n<p><div role=\"form\" class=\"wpcf7\" id=\"wpcf7-f808-o1\" lang=\"de-DE\" dir=\"ltr\">\n<div class=\"screen-reader-response\"><p role=\"status\" aria-live=\"polite\" aria-atomic=\"true\"><\/p> <ul><\/ul><\/div>\n<form action=\"\/de\/wp-json\/wp\/v2\/pages\/3252#wpcf7-f808-o1\" method=\"post\" class=\"wpcf7-form init\" novalidate=\"novalidate\" data-status=\"init\">\n<div style=\"display: none;\">\n<input type=\"hidden\" name=\"_wpcf7\" value=\"808\" \/>\n<input type=\"hidden\" name=\"_wpcf7_version\" value=\"5.6.3\" \/>\n<input type=\"hidden\" name=\"_wpcf7_locale\" value=\"de_DE\" \/>\n<input type=\"hidden\" name=\"_wpcf7_unit_tag\" value=\"wpcf7-f808-o1\" \/>\n<input type=\"hidden\" name=\"_wpcf7_container_post\" value=\"0\" \/>\n<input type=\"hidden\" name=\"_wpcf7_posted_data_hash\" value=\"\" \/>\n<input type=\"hidden\" name=\"_wpcf7_recaptcha_response\" value=\"\" \/>\n<\/div>\n<div class=\"row\">\n<div class=\"form-group col-md-12 col-sm-12 col-xs-12\">\n<label>Name<\/label><br \/>\n<span class=\"wpcf7-form-control-wrap\" data-name=\"nombre\"><input type=\"text\" name=\"nombre\" value=\"\" size=\"40\" class=\"wpcf7-form-control wpcf7-text wpcf7-validates-as-required form-control\" aria-required=\"true\" aria-invalid=\"false\" \/><\/span>\n<\/div>\n<div class=\"form-group col-md-6 col-sm-12 col-xs-12\">\n<label>Email<\/label><br \/>\n<span class=\"wpcf7-form-control-wrap\" data-name=\"email\"><input type=\"email\" name=\"email\" value=\"\" size=\"40\" class=\"wpcf7-form-control wpcf7-text wpcf7-email wpcf7-validates-as-required wpcf7-validates-as-email form-control\" aria-required=\"true\" aria-invalid=\"false\" \/><\/span>\n<\/div>\n<div class=\"form-group col-md-6 col-sm-6 col-xs-6\">\n<label>Telefon<\/label><br \/>\n<span class=\"wpcf7-form-control-wrap\" data-name=\"telefono\"><input type=\"text\" name=\"telefono\" value=\"\" size=\"40\" class=\"wpcf7-form-control wpcf7-text form-control\" aria-invalid=\"false\" \/><\/span>\n<\/div>\n<div class=\"form-group col-md-12 col-sm-12 col-xs-12\">\n<label>Betreff<\/label><br \/>\n<span class=\"wpcf7-form-control-wrap\" data-name=\"asunto\"><input type=\"text\" name=\"asunto\" value=\"\" size=\"40\" class=\"wpcf7-form-control wpcf7-text wpcf7-validates-as-required form-control\" aria-required=\"true\" aria-invalid=\"false\" \/><\/span>\n<\/div>\n<div class=\"form-group col-md-12 col-sm-12 col-xs-12\">\n<label>Nachricht<\/label><br \/>\n<span class=\"wpcf7-form-control-wrap\" data-name=\"mensaje\"><textarea name=\"mensaje\" cols=\"40\" rows=\"10\" class=\"wpcf7-form-control wpcf7-textarea wpcf7-validates-as-required form-control\" aria-required=\"true\" aria-invalid=\"false\"><\/textarea><\/span>\n<\/div>\n<\/div>\n<div class=\"row\">\n<div class=\"col-md-12 col-sm-12 col-xs-12\">\n<input type=\"submit\" value=\"Nachricht senden\" class=\"wpcf7-form-control has-spinner wpcf7-submit btn btn-primary\" \/>\n<\/div>\n<\/div>\n<div class=\"row\">\n<div class=\"wpcf7-response-output\" aria-hidden=\"true\"><\/div>\n<\/div>\n<input type='hidden' class='wpcf7-pum' value='{\"closepopup\":false,\"closedelay\":0,\"openpopup\":false,\"openpopup_id\":0}' \/><\/form><\/div><br \/><\/div><\/div><\/div>\n","protected":false},"excerpt":{"rendered":"<p>In Playa del Ingles, 1,7 km vom Yumbo Center und 3,8 km vom Cita Centre entfernt, bietet das Apartments Las Perlas Unterk\u00fcnfte mit kostenfreiem WLAN, Klimaanlage, einem Au\u00dfenpool und einer Terrasse. Die Unterkunft mit Stadtblick liegt 100 m von Playa Del Cochino und 700 m von Playas Del Veril entfernt. Dieses Apartment verf\u00fcgt \u00fcber 2 [&hellip;]<\/p>\n","protected":false},"author":2,"featured_media":7959,"parent":742,"menu_order":0,"comment_status":"closed","ping_status":"closed","template":"","meta":{"pgc_sgb_lightbox_settings":"","footnotes":""},"acf":[],"_links":{"self":[{"href":"https:\/\/new.alsolturismo.com\/de\/wp-json\/wp\/v2\/pages\/3252"}],"collection":[{"href":"https:\/\/new.alsolturismo.com\/de\/wp-json\/wp\/v2\/pages"}],"about":[{"href":"https:\/\/new.alsolturismo.com\/de\/wp-json\/wp\/v2\/types\/page"}],"author":[{"embeddable":true,"href":"https:\/\/new.alsolturismo.com\/de\/wp-json\/wp\/v2\/users\/2"}],"replies":[{"embeddable":true,"href":"https:\/\/new.alsolturismo.com\/de\/wp-json\/wp\/v2\/comments?post=3252"}],"version-history":[{"count":14,"href":"https:\/\/new.alsolturismo.com\/de\/wp-json\/wp\/v2\/pages\/3252\/revisions"}],"predecessor-version":[{"id":14495,"href":"https:\/\/new.alsolturismo.com\/de\/wp-json\/wp\/v2\/pages\/3252\/revisions\/14495"}],"up":[{"embeddable":true,"href":"https:\/\/new.alsolturismo.com\/de\/wp-json\/wp\/v2\/pages\/742"}],"wp:featuredmedia":[{"embeddable":true,"href":"https:\/\/new.alsolturismo.com\/de\/wp-json\/wp\/v2\/media\/7959"}],"wp:attachment":[{"href":"https:\/\/new.alsolturismo.com\/de\/wp-json\/wp\/v2\/media?parent=3252"}],"curies":[{"name":"wp","href":"https:\/\/api.w.org\/{rel}","templated":true}]}}