{"id":355,"date":"2015-11-17T11:43:45","date_gmt":"2015-11-17T11:43:45","guid":{"rendered":"https:\/\/new.alsolturismo.com\/actividades-en-los-alrederores\/?lang=de"},"modified":"2015-11-30T17:09:14","modified_gmt":"2015-11-30T17:09:14","slug":"freizeitangebote-in-der-umgebung","status":"publish","type":"page","link":"https:\/\/new.alsolturismo.com\/de\/service\/freizeitangebote-in-der-umgebung\/","title":{"rendered":"Freizeitangebote in der Umgebung"},"content":{"rendered":"<p><span id=\"result_box\" class=\"\" lang=\"de\"><span class=\"hps\">Playa del Ingles<\/span> <span class=\"hps\">ist eines der<\/span> <span class=\"hps\">touristischen Gebiete von<\/span> <span class=\"hps\">Gran Canaria<\/span> <span class=\"hps\">mit sehr viel <\/span><span class=\"hps\">Freizeitangeboten.<\/span> <span class=\"hps\">Sowohl<\/span> <span class=\"hps\">f\u00fcr<\/span> <span class=\"hps\">Partyg\u00e4nger<\/span> <span class=\"hps\">und diejenigen, die<\/span> <span class=\"hps\">Aktivit\u00e4ten<\/span> im <span class=\"hps\">Tageslicht<\/span> <span class=\"hps\">bevorzugen, bietet<\/span> <span class=\"hps\">Playa del Ingles<\/span> <span class=\"hps\">alles an, <\/span>um die <span class=\"hps\">Entspannung der<\/span> <span class=\"hps\">eines ruhigen Aufenthaltes<\/span> <span class=\"hps\">mit allen Arten von<\/span> <span class=\"hps\">Aktivit\u00e4ten, wie <\/span><span class=\"hps\">Spa\u00df und<\/span> anderen <span class=\"hps\">Sensation<\/span><span class=\"hps\">, zu erg\u00e4nzen<\/span><span class=\"hps\">.<\/span><\/span><\/p>\n<p><span class=\"hps\">Die Lage der <\/span><span class=\"hps\">3 Komplexe<\/span> <span class=\"hps\">ist ideal f\u00fcr die<\/span> <span class=\"hps\">Suche nach der<\/span> <span class=\"hps\">Balance zwischen<\/span> <span class=\"hps\">Entspannung und Spa\u00df<\/span>. Alle<span class=\"hps\"> drei<\/span> <span class=\"hps\">Apartmentanlagen<\/span> <span class=\"hps\">bieten Ihnen an der Rezeption <\/span><span class=\"hps\">interessante Informationen an<\/span>, die Ihnen <span class=\"hps\">sicherlich n\u00fctzlich sein k\u00f6nnen<\/span><span class=\"hps\">, um den<\/span> <span class=\"hps\">idealen Urlaub<\/span> zu <span class=\"hps\">erleben<\/span><span class=\"hps\">.<\/span><\/p>\n<p>&nbsp;<\/p>\n","protected":false},"excerpt":{"rendered":"<p>Playa del Ingles ist eines der touristischen Gebiete von Gran Canaria mit sehr viel Freizeitangeboten. Sowohl f\u00fcr Partyg\u00e4nger und diejenigen, die Aktivit\u00e4ten im Tageslicht bevorzugen, bietet Playa del Ingles alles an, um die Entspannung der eines ruhigen Aufenthaltes mit allen Arten von Aktivit\u00e4ten, wie Spa\u00df und anderen Sensation, zu erg\u00e4nzen. Die Lage der 3 Komplexe [&hellip;]<\/p>\n","protected":false},"author":2,"featured_media":385,"parent":764,"menu_order":2,"comment_status":"closed","ping_status":"closed","template":"","meta":{"pgc_sgb_lightbox_settings":"","footnotes":""},"acf":[],"_links":{"self":[{"href":"https:\/\/new.alsolturismo.com\/de\/wp-json\/wp\/v2\/pages\/355"}],"collection":[{"href":"https:\/\/new.alsolturismo.com\/de\/wp-json\/wp\/v2\/pages"}],"about":[{"href":"https:\/\/new.alsolturismo.com\/de\/wp-json\/wp\/v2\/types\/page"}],"author":[{"embeddable":true,"href":"https:\/\/new.alsolturismo.com\/de\/wp-json\/wp\/v2\/users\/2"}],"replies":[{"embeddable":true,"href":"https:\/\/new.alsolturismo.com\/de\/wp-json\/wp\/v2\/comments?post=355"}],"version-history":[{"count":7,"href":"https:\/\/new.alsolturismo.com\/de\/wp-json\/wp\/v2\/pages\/355\/revisions"}],"predecessor-version":[{"id":910,"href":"https:\/\/new.alsolturismo.com\/de\/wp-json\/wp\/v2\/pages\/355\/revisions\/910"}],"up":[{"embeddable":true,"href":"https:\/\/new.alsolturismo.com\/de\/wp-json\/wp\/v2\/pages\/764"}],"wp:featuredmedia":[{"embeddable":true,"href":"https:\/\/new.alsolturismo.com\/de\/wp-json\/wp\/v2\/media\/385"}],"wp:attachment":[{"href":"https:\/\/new.alsolturismo.com\/de\/wp-json\/wp\/v2\/media?parent=355"}],"curies":[{"name":"wp","href":"https:\/\/api.w.org\/{rel}","templated":true}]}}