{"id":370,"date":"2015-11-17T11:41:16","date_gmt":"2015-11-17T11:41:16","guid":{"rendered":"https:\/\/new.alsolturismo.com\/turismo-activo-deporte-y-aventura\/?lang=de"},"modified":"2015-11-30T17:21:29","modified_gmt":"2015-11-30T17:21:29","slug":"aktiv-turismus-sport-und-abendteuer","status":"publish","type":"page","link":"https:\/\/new.alsolturismo.com\/de\/service\/aktiv-turismus-sport-und-abendteuer\/","title":{"rendered":"Aktiv Turismus &#8211; Sport und Abendteuer"},"content":{"rendered":"<p><span id=\"result_box\" class=\"\" lang=\"de\"><span class=\"hps\">Ein Urlaub in<\/span> <span class=\"hps\">den S\u00fcden der<\/span> <span class=\"hps\">Insel Gran Canaria<\/span> <span class=\"hps\">haben<\/span> <span class=\"hps\">viele Dinge<\/span> <span class=\"hps\">gesichert<\/span><\/span>: <span id=\"result_box\" class=\"\" lang=\"de\"><span class=\"hps\">tolles Wetter,<\/span> <span class=\"hps\">die Sonne<\/span>, die Str\u00e4nde.\u00a0<\/span><\/p>\n<p><span id=\"result_box\" class=\"\" lang=\"de\"><span class=\"hps\">Wir haben<\/span> arbeiten mit <span class=\"hps\">Partnerunternehmen zusammen<\/span>, die spezialisiert sind auf <span class=\"hps\">Aktivtourismus<\/span> <span class=\"hps\">und<\/span> <span class=\"hps\">stellen<\/span> <span class=\"hps\">f\u00fcr unsere Kunden<\/span> <span class=\"hps\">Dienstleistungen<\/span> <span class=\"hps\">zur Verf\u00fcgung<\/span>, wie <span class=\"hps\">gef\u00fchrte Wanderungen<\/span>, Besuche von <span class=\"hps\">Themenparks,<\/span> <span class=\"hps\">Safari-Fahrten<\/span> <span class=\"hps\">etc.<\/span><\/span><\/p>\n<p><span id=\"result_box\" class=\"\" lang=\"de\"><span class=\"hps\">Wenn<\/span> <span class=\"hps\">Sie mehr Informationen w\u00fcnschen<\/span> <span class=\"hps\">oder<\/span> <span class=\"hps\">schon wissen was<\/span> <span class=\"hps\">Sie wollen<\/span>, f\u00fcllen Sie das <span class=\"hps\">Formular aus und<\/span> <span class=\"hps\">wir k\u00fcmmern uns, <\/span>Ihnen behilfliche <span class=\"hps\">Informationen zu zusenden<\/span>, um Ihnen die <span class=\"hps\">organisation zu erleichtern.<\/span><\/span><\/p>\n","protected":false},"excerpt":{"rendered":"<p>Ein Urlaub in den S\u00fcden der Insel Gran Canaria haben viele Dinge gesichert: tolles Wetter, die Sonne, die Str\u00e4nde.\u00a0 Wir haben arbeiten mit Partnerunternehmen zusammen, die spezialisiert sind auf Aktivtourismus und stellen f\u00fcr unsere Kunden Dienstleistungen zur Verf\u00fcgung, wie gef\u00fchrte Wanderungen, Besuche von Themenparks, Safari-Fahrten etc. Wenn Sie mehr Informationen w\u00fcnschen oder schon wissen was [&hellip;]<\/p>\n","protected":false},"author":2,"featured_media":377,"parent":764,"menu_order":4,"comment_status":"closed","ping_status":"closed","template":"","meta":{"pgc_sgb_lightbox_settings":"","footnotes":""},"acf":[],"_links":{"self":[{"href":"https:\/\/new.alsolturismo.com\/de\/wp-json\/wp\/v2\/pages\/370"}],"collection":[{"href":"https:\/\/new.alsolturismo.com\/de\/wp-json\/wp\/v2\/pages"}],"about":[{"href":"https:\/\/new.alsolturismo.com\/de\/wp-json\/wp\/v2\/types\/page"}],"author":[{"embeddable":true,"href":"https:\/\/new.alsolturismo.com\/de\/wp-json\/wp\/v2\/users\/2"}],"replies":[{"embeddable":true,"href":"https:\/\/new.alsolturismo.com\/de\/wp-json\/wp\/v2\/comments?post=370"}],"version-history":[{"count":4,"href":"https:\/\/new.alsolturismo.com\/de\/wp-json\/wp\/v2\/pages\/370\/revisions"}],"predecessor-version":[{"id":914,"href":"https:\/\/new.alsolturismo.com\/de\/wp-json\/wp\/v2\/pages\/370\/revisions\/914"}],"up":[{"embeddable":true,"href":"https:\/\/new.alsolturismo.com\/de\/wp-json\/wp\/v2\/pages\/764"}],"wp:featuredmedia":[{"embeddable":true,"href":"https:\/\/new.alsolturismo.com\/de\/wp-json\/wp\/v2\/media\/377"}],"wp:attachment":[{"href":"https:\/\/new.alsolturismo.com\/de\/wp-json\/wp\/v2\/media?parent=370"}],"curies":[{"name":"wp","href":"https:\/\/api.w.org\/{rel}","templated":true}]}}