{"id":742,"date":"2015-10-22T10:52:01","date_gmt":"2015-10-22T10:52:01","guid":{"rendered":"https:\/\/new.alsolturismo.com\/de\/alojamientos\/"},"modified":"2023-06-14T09:26:16","modified_gmt":"2023-06-14T09:26:16","slug":"alsol-turismo-apartments","status":"publish","type":"page","link":"https:\/\/new.alsolturismo.com\/de\/alsol-turismo-apartments\/","title":{"rendered":"Alsol Turismo Apartments"},"content":{"rendered":"<p><span id=\"result_box\" lang=\"de\">Wenn Sie planen einen Urlaub in Gran Canaria buchen, ist der S\u00fcden der Insel ein idealer Ort f\u00fcr sein Klima, mit milden Temperaturen fast das ganze Jahr, und den Sandstr\u00e4nden. Playa del Ingles, direkt neben Maspalomas ist eine der wichtigsten touristischen Gebieten der Kanarischen Inseln und Spanien.<\/span><\/p>\n<p><span id=\"result_box\" lang=\"de\">Alsol Tourismus erm\u00f6glicht Ihnen einen Aufenthalt in 14 Wohnkomplexe zu genie\u00dfen: Apartments Africana, Apartments Caribes 1, Apartments Caribes 2 (Only adults), Apartments Datasol, Apartaments El Chaparral, Apartments Guatiza, Apartments Las Orqu\u00eddeas, Apartments Las Perlas, Apartments Los Mariachis, Apartments Walhalla, Bungalows Las Brisas, Bungalows Tajaraste, Bungalows Tenesoya (Only Adults), Bungalows Todoque (Only adults). Die Lage der drei, ist die perfekte Mischung aus Entspannung und Spa\u00df, da sie nahe dem Strand und auch von den wichtigsten Unterhaltungsvierteln von Playa del Ingl\u00e9s liegen.<\/span><\/p>\n<p><span id=\"result_box\" lang=\"de\">Denken Sie daran, dass Sie Reservierungen auf dieser Website mit den besten Bedingungen machen k\u00f6nnen.<\/span><\/p>\n<p><span id=\"result_box\" lang=\"de\">Das Klima und der Kontrast von Gran Canaria, machen die Insel zu einem perfekten Ort, um Aktivit\u00e4ten aller Art zu genie\u00dfen: Wandern, Klettern, Wassersport, Besuche in Freizeitparks, usw. Im Im Bereich Service k\u00f6nne Sie einige Ideen, die Sie n\u00fctzlich sein k\u00f6nnten, um Ihre Abenteuer auf den Kanarischen Inseln zu starten, finden.<\/span><\/p>\n<p>&nbsp;<\/p>\n","protected":false},"excerpt":{"rendered":"<p>Wenn Sie planen einen Urlaub in Gran Canaria buchen, ist der S\u00fcden der Insel ein idealer Ort f\u00fcr sein Klima, mit milden Temperaturen fast das ganze Jahr, und den Sandstr\u00e4nden. Playa del Ingles, direkt neben Maspalomas ist eine der wichtigsten touristischen Gebieten der Kanarischen Inseln und Spanien. Alsol Tourismus erm\u00f6glicht Ihnen einen Aufenthalt in 14 [&hellip;]<\/p>\n","protected":false},"author":2,"featured_media":0,"parent":0,"menu_order":0,"comment_status":"closed","ping_status":"closed","template":"","meta":{"pgc_sgb_lightbox_settings":"","footnotes":""},"acf":[],"_links":{"self":[{"href":"https:\/\/new.alsolturismo.com\/de\/wp-json\/wp\/v2\/pages\/742"}],"collection":[{"href":"https:\/\/new.alsolturismo.com\/de\/wp-json\/wp\/v2\/pages"}],"about":[{"href":"https:\/\/new.alsolturismo.com\/de\/wp-json\/wp\/v2\/types\/page"}],"author":[{"embeddable":true,"href":"https:\/\/new.alsolturismo.com\/de\/wp-json\/wp\/v2\/users\/2"}],"replies":[{"embeddable":true,"href":"https:\/\/new.alsolturismo.com\/de\/wp-json\/wp\/v2\/comments?post=742"}],"version-history":[{"count":25,"href":"https:\/\/new.alsolturismo.com\/de\/wp-json\/wp\/v2\/pages\/742\/revisions"}],"predecessor-version":[{"id":15881,"href":"https:\/\/new.alsolturismo.com\/de\/wp-json\/wp\/v2\/pages\/742\/revisions\/15881"}],"wp:attachment":[{"href":"https:\/\/new.alsolturismo.com\/de\/wp-json\/wp\/v2\/media?parent=742"}],"curies":[{"name":"wp","href":"https:\/\/api.w.org\/{rel}","templated":true}]}}