{"id":764,"date":"2015-11-16T17:49:02","date_gmt":"2015-11-16T17:49:02","guid":{"rendered":"https:\/\/new.alsolturismo.com\/de\/servicios\/"},"modified":"2015-11-30T16:28:07","modified_gmt":"2015-11-30T16:28:07","slug":"service","status":"publish","type":"page","link":"https:\/\/new.alsolturismo.com\/de\/service\/","title":{"rendered":"Service"},"content":{"rendered":"<p><span id=\"result_box\" class=\"\" lang=\"de\"><span class=\"hps\">Wir bieten eine<\/span> <span class=\"hps\">breite Palette von Dienstleistungen an<\/span>, damit Ihr Aufenthalt <span class=\"hps\">auf Gran Canaria<\/span> <span class=\"hps\">zu einem unvergesslichen Erlebnis<\/span> <span class=\"hps\">wird<\/span><\/span>. <span id=\"result_box\" class=\"\" lang=\"de\"><span class=\"hps\">Klicken Sie auf<\/span> <span class=\"hps\">die folgenden Dienstleistungen<\/span> <span class=\"hps\">und erkundigen Sie sich<\/span><\/span>:<\/p>\n<ul class=\"display-posts-listing\"><li class=\"listing-item\"><a class=\"image\" href=\"https:\/\/new.alsolturismo.com\/de\/service\/autovermietungen\/\"><img loading=\"lazy\" decoding=\"async\" width=\"120\" height=\"90\" src=\"https:\/\/new.alsolturismo.com\/wp-content\/uploads\/2015\/11\/alquiler-coche-abrat-120x90.jpg\" class=\"attachment-thumbnail size-thumbnail wp-post-image\" alt=\"\" \/><\/a> <a class=\"title\" href=\"https:\/\/new.alsolturismo.com\/de\/service\/autovermietungen\/\">Autovermietungen<\/a> <span class=\"excerpt-dash\">-<\/span> <span class=\"excerpt\">Auf der Insel Gran Canaria wird oft als der Miniuatur-Kontinent bezeichnet, wegen seiner gro\u00dfen Vielfalt an Landschaften, Klima, Flora, Fauna, usw. Es ist sicherlich eine Insel die Sie kennen lernen sollten, wenn Sie einen Aufenthalt mit ausreichender Zeit besitzen. In Alsol Turismo arbeiten wir mit verschiedenen Autovermietungen zusammen, um unseren Kunden umfangreichen Service zu erm\u00f6glich. [&hellip;]<\/span><\/li><li class=\"listing-item\"><a class=\"image\" href=\"https:\/\/new.alsolturismo.com\/de\/service\/freizeitangebote-in-der-umgebung\/\"><img loading=\"lazy\" decoding=\"async\" width=\"120\" height=\"90\" src=\"https:\/\/new.alsolturismo.com\/wp-content\/uploads\/2015\/11\/Plaza_de_Maspalomas-120x90.jpg\" class=\"attachment-thumbnail size-thumbnail wp-post-image\" alt=\"\" \/><\/a> <a class=\"title\" href=\"https:\/\/new.alsolturismo.com\/de\/service\/freizeitangebote-in-der-umgebung\/\">Freizeitangebote in der Umgebung<\/a> <span class=\"excerpt-dash\">-<\/span> <span class=\"excerpt\">Playa del Ingles ist eines der touristischen Gebiete von Gran Canaria mit sehr viel Freizeitangeboten. Sowohl f\u00fcr Partyg\u00e4nger und diejenigen, die Aktivit\u00e4ten im Tageslicht bevorzugen, bietet Playa del Ingles alles an, um die Entspannung der eines ruhigen Aufenthaltes mit allen Arten von Aktivit\u00e4ten, wie Spa\u00df und anderen Sensation, zu erg\u00e4nzen. Die Lage der 3 Komplexe [&hellip;]<\/span><\/li><li class=\"listing-item\"><a class=\"image\" href=\"https:\/\/new.alsolturismo.com\/de\/service\/transfers\/\"><img loading=\"lazy\" decoding=\"async\" width=\"120\" height=\"90\" src=\"https:\/\/new.alsolturismo.com\/wp-content\/uploads\/2015\/11\/transfer-120x90.jpg\" class=\"attachment-thumbnail size-thumbnail wp-post-image\" alt=\"\" \/><\/a> <a class=\"title\" href=\"https:\/\/new.alsolturismo.com\/de\/service\/transfers\/\">Transfers<\/a> <span class=\"excerpt-dash\">-<\/span> <span class=\"excerpt\">Wenn Sie sich entschieden haben, eine Reservierung in einem unserer drei Komplexe zu machen,\u00a0k\u00f6nnen wir Ihnen bei einem Transfer-Service behilflich sein. Wenden Sie sich bitte \u00fcber unser Service-Anfrageformular an uns. Im Formular sollten Sie die folgenden Informationen angeben: Buchungsreferenz Name des Buchungsinhabers Email Telefon Flugnummer &nbsp;<\/span><\/li><li class=\"listing-item\"><a class=\"image\" href=\"https:\/\/new.alsolturismo.com\/de\/service\/aktiv-turismus-sport-und-abendteuer\/\"><img loading=\"lazy\" decoding=\"async\" width=\"120\" height=\"90\" src=\"https:\/\/new.alsolturismo.com\/wp-content\/uploads\/2015\/11\/senderismo-120x90.jpg\" class=\"attachment-thumbnail size-thumbnail wp-post-image\" alt=\"\" srcset=\"https:\/\/new.alsolturismo.com\/wp-content\/uploads\/2015\/11\/senderismo-120x90.jpg 120w, https:\/\/new.alsolturismo.com\/wp-content\/uploads\/2015\/11\/senderismo-300x225.jpg 300w, https:\/\/new.alsolturismo.com\/wp-content\/uploads\/2015\/11\/senderismo-1024x768.jpg 1024w, https:\/\/new.alsolturismo.com\/wp-content\/uploads\/2015\/11\/senderismo.jpg 1600w\" sizes=\"(max-width: 120px) 100vw, 120px\" \/><\/a> <a class=\"title\" href=\"https:\/\/new.alsolturismo.com\/de\/service\/aktiv-turismus-sport-und-abendteuer\/\">Aktiv Turismus &#8211; Sport und Abendteuer<\/a> <span class=\"excerpt-dash\">-<\/span> <span class=\"excerpt\">Ein Urlaub in den S\u00fcden der Insel Gran Canaria haben viele Dinge gesichert: tolles Wetter, die Sonne, die Str\u00e4nde.\u00a0 Wir haben arbeiten mit Partnerunternehmen zusammen, die spezialisiert sind auf Aktivtourismus und stellen f\u00fcr unsere Kunden Dienstleistungen zur Verf\u00fcgung, wie gef\u00fchrte Wanderungen, Besuche von Themenparks, Safari-Fahrten etc. Wenn Sie mehr Informationen w\u00fcnschen oder schon wissen was [&hellip;]<\/span><\/li><\/ul>\n<p><span id=\"result_box\" class=\"\" lang=\"de\"><span class=\"hps\">Wenn Sie weitere Informationen<\/span> <span class=\"hps\">w\u00fcnschen, k\u00f6nnen Sie<\/span> <span class=\"hps\">uns \u00fcber das<\/span> <a href=\"https:\/\/new.alsolturismo.com\/de\/kontakt\/\"><span class=\"hps\">Kontaktformular<\/span><\/a><\/span> erreichen.<\/p>\n<p>&nbsp;<\/p>\n","protected":false},"excerpt":{"rendered":"<p>Wir bieten eine breite Palette von Dienstleistungen an, damit Ihr Aufenthalt auf Gran Canaria zu einem unvergesslichen Erlebnis wird. Klicken Sie auf die folgenden Dienstleistungen und erkundigen Sie sich: Wenn Sie weitere Informationen w\u00fcnschen, k\u00f6nnen Sie uns \u00fcber das Kontaktformular erreichen. &nbsp;<\/p>\n","protected":false},"author":2,"featured_media":0,"parent":0,"menu_order":0,"comment_status":"closed","ping_status":"closed","template":"","meta":{"pgc_sgb_lightbox_settings":"","footnotes":""},"acf":[],"_links":{"self":[{"href":"https:\/\/new.alsolturismo.com\/de\/wp-json\/wp\/v2\/pages\/764"}],"collection":[{"href":"https:\/\/new.alsolturismo.com\/de\/wp-json\/wp\/v2\/pages"}],"about":[{"href":"https:\/\/new.alsolturismo.com\/de\/wp-json\/wp\/v2\/types\/page"}],"author":[{"embeddable":true,"href":"https:\/\/new.alsolturismo.com\/de\/wp-json\/wp\/v2\/users\/2"}],"replies":[{"embeddable":true,"href":"https:\/\/new.alsolturismo.com\/de\/wp-json\/wp\/v2\/comments?post=764"}],"version-history":[{"count":4,"href":"https:\/\/new.alsolturismo.com\/de\/wp-json\/wp\/v2\/pages\/764\/revisions"}],"predecessor-version":[{"id":902,"href":"https:\/\/new.alsolturismo.com\/de\/wp-json\/wp\/v2\/pages\/764\/revisions\/902"}],"wp:attachment":[{"href":"https:\/\/new.alsolturismo.com\/de\/wp-json\/wp\/v2\/media?parent=764"}],"curies":[{"name":"wp","href":"https:\/\/api.w.org\/{rel}","templated":true}]}}