{"id":8869,"date":"2020-06-18T17:57:39","date_gmt":"2020-06-18T17:57:39","guid":{"rendered":"https:\/\/new.alsolturismo.com\/de\/terminos-y-condiciones-generales\/"},"modified":"2020-06-18T17:57:39","modified_gmt":"2020-06-18T17:57:39","slug":"terminos-y-condiciones-generales","status":"publish","type":"page","link":"https:\/\/new.alsolturismo.com\/de\/terminos-y-condiciones-generales\/","title":{"rendered":"T\u00e9rminos y condiciones generales"},"content":{"rendered":"<p><strong>1. INTRODUCCI\u00d3N<\/strong><\/p>\n<p>El presente documento tiene por finalidad regular los TERMINOS o CONDICIONES GENERALES DE CONTRATACI\u00d3N de los servicios de Reserva on-line (en adelante, e indistintamente, los servicios de Reserva on-line, o los servicios) de EXPLOTACIONES ALSOL TURISMO S.L., con domicilio social en Urbanizaci\u00f3n D\u00edaz Casanova C5, c\u00f3digo postal 35010, Las Palmas de Gran Canaria, con C.I.F. B35994631 (en adelante, ALSOL TURISMO S.L.), Telf. 928 77 50 60 y correo electr\u00f3nico info@alsolturismo.es. Los T\u00e9rminos \u201cUsted\u201d y \u201cUsuario\u201d se emplean aqu\u00ed para referirse a todos los individuos y\/o entidades que por cualquier raz\u00f3n accedan a www.alsolturismo.com o utilicen los servicios.<\/p>\n<p>La utilizaci\u00f3n de estos servicios, supondr\u00e1 la aceptaci\u00f3n plena y sin reservas, y la validez, de todas y cada uno de los T\u00e9rminos y\/o Condiciones Generales -que se considerar\u00e1n autom\u00e1ticamente incorporadas en el contrato que se suscriba con ALSOL TURISMO S.L., sin que sea necesaria su trascripci\u00f3n escrita en el mismo- recogidas en la \u00faltima versi\u00f3n actualizada de estos T\u00e9rminos y\/o Condiciones Generales.<\/p>\n<p><strong>2. USO DE LOS SERVICIOS DE RESERVA ON-LINE DE ALSOL TURISMO S.L.<\/strong><\/p>\n<p>a. Los servicios Reserva on-line tienen por finalidad la reserva de una habitaci\u00f3n en uno de nuestros establecimientos. LA UTILIZACI\u00d3N DE ESTOS SERVICIOS, SUPONDR\u00c1 LA ACEPTACI\u00d3N PLENA Y SIN RESERVAS, Y LA VALIDEZ, DE TODAS Y CADA UNA DE LOS TERMINOS O CONDICIONES GENERALES -QUE SE CONSIDERAR\u00c1N AUTOM\u00c1TICAMENTE INCORPORADAS EN EL CONTRATO QUE SE SUSCRIBA CON ALSOL TURISMO S.L., SIN QUE SEA NECESARIA SU TRASCRIPCI\u00d3N ESCRITA EN EL MISMO- RECOGIDAS EN LA \u00daLTIMA VERSI\u00d3N ACTUALIZADA DE ESTOS T\u00c9RMINOS Y\/O CONDICIONES GENERALES.<\/p>\n<p>b. Procedimiento de contrataci\u00f3n: Al utilizar el servicio el usuario recibir\u00e1 un mail de confirmaci\u00f3n en el que se incluir\u00e1 la confirmaci\u00f3n de que su orden de compra se encuentra en proceso de confirmaci\u00f3n. Este mail le sirve como comprobante de su reserva.<\/p>\n<p>Se entender\u00e1 terminado el proceso de contrataci\u00f3n a trav\u00e9s de esta web:<\/p>\n<ul>\n<li>Cuando el pago del servicio se realice en el establecimiento, simplemente con el email por el que se confirme la reserva.<\/li>\n<li>Cuando el pago del servicio sea on-line, con el cargo efectivo de dicho servicio en la tarjeta de cr\u00e9dito del cliente.<\/li>\n<\/ul>\n<p>c. Garant\u00eda: La reserva queda confirmada y garantizada con tarjeta de cr\u00e9dito. En caso de no presentarse en el establecimiento sin previo aviso, se le cobrar\u00e1 la primera noche de estancia (IGIC y tasas incluidas).<\/p>\n<p>d. Resoluci\u00f3n del contrato o cancelaci\u00f3n de la reserva: La tarjeta de cr\u00e9dito es s\u00f3lo un medio de garant\u00eda. La cancelaci\u00f3n de reservas por el usuario no le ocasionar\u00e1 gastos de cancelaci\u00f3n anticipada, siempre y cuando \u00e9sta se efect\u00fae antes de la hora establecida como l\u00edmite en cada pa\u00eds (hora local del establecimiento) del d\u00eda de llegada. Pasado ese umbral, ALSOL TURISMO S.L. cobrar\u00e1 en concepto de indemnizaci\u00f3n los gastos de cancelaci\u00f3n, que ascender\u00e1n al importe de la primera noche de estancia (IVA y tasas incluidas).<\/p>\n<p>Esta cl\u00e1usula no es v\u00e1lida para reservas realizadas con tarifas, ofertas y promociones especiales. En este caso, se aplicar\u00e1n las respectivas condiciones establecidas.<\/p>\n<p>La hora l\u00edmite de llegada al establecimiento son las 18:00 horas del d\u00eda de la llegada<\/p>\n<p>e. COSTES DE CANCELACI\u00d3N EN EL ESTABLECIMIENTO<\/p>\n<p>No se cobrar\u00e1 ning\u00fan importe de su tarjeta de cr\u00e9dito si la cancelaci\u00f3n se efect\u00faa con un m\u00ednimo de 48 horas antes del d\u00eda de entrada al establecimiento (hora local del establecimiento).<\/p>\n<p>Si la cancelaci\u00f3n se efect\u00faa durante las 48 horas previas al d\u00eda de entrada, se cobrar\u00e1 el 50% del coste total de la reserva a su tarjeta de cr\u00e9dito.<\/p>\n<p>En caso de que el cliente no se presente en el establecimiento sin previo aviso, se le cobrar\u00e1 el 100% del coste total de la estancia.<\/p>\n<p>Estas cl\u00e1usulas no son v\u00e1lidas para reservas efectuadas con tarifas especiales. En este caso, se aplicar\u00e1n las respectivas condiciones establecidas.<\/p>\n<p>f. Precios por habitaci\u00f3n y noche.<\/p>\n<p>Los precios s\u00f3lo son v\u00e1lidos por escrito y durante el plazo que en ellos se indique. Cuando existan razones justificables, ALSOL TURISMO S.L. se reserva el derecho de modificar estas tarifas sin previo aviso.<\/p>\n<p>Los precios relativos a la reserva se le indicaran durante el proceso de reserva. A los precios se les aplica el IGIC, sin perjuicio de que se les apliquen tambi\u00e9n impuestos adicionales conforme a la regulaci\u00f3n local vigente en cada uno de los pa\u00edses. Los referidos impuestos locales deber\u00e1n ser abonados directamente en el establecimiento.<\/p>\n<p>g. Los precios que se muestran en el momento de la reserva incluyen IGIC.<\/p>\n<p>En caso de que la tarifa impositiva cambiara entre la fecha de la reserva y la fecha de la entrega de los servicios, generando una disparidad, de acuerdo a las regulaciones impositivas, la tarifa impositiva que se aplicar\u00e1 al precio final ser\u00e1 la que corresponda en el momento de la entrega de los servicios o la acumulaci\u00f3n del impuesto, aun en los casos en que esto ocasionara un aumento en relaci\u00f3n con el precio final indicado al cliente durante la reserva.<\/p>\n<p>2.3 El usuario se compromete utilizar los servicios de manera acorde a la Ley, moral, buenas costumbres y orden p\u00fablico, as\u00ed como con lo dispuesto en los presentes T\u00e9rminos y\/o Condiciones Generales de contrataci\u00f3n. En consecuencia, queda obligado a no utilizar los servicios, con fines o efectos il\u00edcitos y\/o contrarios a lo establecido en los presentes T\u00e9rminos y\/o Condiciones Generales de contrataci\u00f3n, lesivos de derechos y\/o intereses de terceros o que, de cualquier forma, puedan da\u00f1ar los servicios, ALSOL TURISMO S.L. y\/o su imagen.<\/p>\n<p>2.4 ALSOL TURISMO S.L. podr\u00e1, para mayor agilidad y en beneficio de los usuarios, modificar unilateralmente, en cualquier momento y sin previo aviso, los servicios prestados, o las Condiciones de operatividad, t\u00e9cnicas y de uso de los servicios.<\/p>\n<p><strong>3. PROTECCI\u00d3N DE LOS DATOS PERSONALES DE LOS USUARIOS POR PARTE DE ALSOL TURISMO S.L.<\/strong><\/p>\n<p>El usuario de Reserva on-line ofertado a trav\u00e9s de www.alsolturismo.com.com, est\u00e1 proporcionando voluntariamente datos de car\u00e1cter personal (de ahora en adelante los Datos Personales) y acepta de forma expresa y plenamente y sin reservas que ALSOL TURISMO S.L. los trate de forma automatizada e incorpore a un fichero con la finalidad de poderle prestar y ofrecer sus servicios, fichero del que es responsable ALSOL TURISMO S.L., y que se encuentra registrado o dado de alta ante la autoridad competente.<\/p>\n<p>Debido a las caracter\u00edsticas propias de la actividad y los servicios de ALSOL TURISMO S.L. y para el perfecto desarrollo y consecuci\u00f3n de sus objetivos, se hace necesaria las cesiones de datos personales a terceros, incluyendo transferencias internacionales. Dichas cesiones o transferencias de datos personales pueden dirigirse a las sociedades ALSOL TURISMO S.L. y\/o a otros terceros interesados. La cesi\u00f3n de datos de car\u00e1cter personal a tales entidades tiene como exclusiva finalidad la correcta prestaci\u00f3n de los servicios que ALSOL TURISMO S.L. ofrece.<\/p>\n<p>Los titulares de los datos tienen en todo momento el derecho de acceder al fichero, pudiendo ejercitar los derechos de rectificaci\u00f3n, cancelaci\u00f3n y oposici\u00f3n en los T\u00e9rminos recogidos en la legislaci\u00f3n de protecci\u00f3n de datos. Del mismo modo, el consentimiento del usuario para el tratamiento y cesi\u00f3n de sus datos personales ser\u00e1 revocable en todo momento sin efectos retroactivos, conforme a lo que disponen los art\u00edculos 6 y 11 de la Ley Org\u00e1nica 15\/1999, de 13 de diciembre de Protecci\u00f3n de Datos de Car\u00e1cter Personal.<\/p>\n<p>A tales fines, bastar\u00e1 con contactar con ALSOL TURISMO S.L. a trav\u00e9s del\u00a0correo electr\u00f3nico info@alsolturismo.es, o bien, escribiendo a su domicilio social sito en Urbanizaci\u00f3n D\u00edaz Casanova C5, c\u00f3digo postal 35010, Las Palmas de Gran Canaria. ALSOL TURISMO S.L. garantiza que ha adoptado las medidas oportunas de seguridad en sus instalaciones, sistemas y ficheros. Asimismo, ALSOL TURISMO S.L. garantiza la confidencialidad de los Datos Personales, aunque revelar\u00e1 a las autoridades p\u00fablicas competentes los Datos Personales y cualquier otra informaci\u00f3n que est\u00e9 en su poder o sea accesible a trav\u00e9s de sus sistemas y sea requerida de conformidad con las disposiciones legales y reglamentarias aplicables al caso. Los usuarios de www.alsolturismo.com garantizan y responden, en cualquier caso, de la veracidad, exactitud, vigencia y autenticidad de los Datos Personales facilitados, y se comprometen a mantenerlos debidamente actualizados.<\/p>\n<p>Los servicios de ALSOL TURISMO S.L. no est\u00e1n destinados a menores y ALSOL TURISMO S.L. no solicita ni recoge informaci\u00f3n relativa a personas menores de edad.<\/p>\n<p>Por otra parte, ALSOL TURISMO S.L. podr\u00e1 recoger informaci\u00f3n a trav\u00e9s de dispositivos como cookies o ficheros log sobre la navegaci\u00f3n de sus usuarios por www.alsolturismo.com. Estos dispositivos se asocian exclusivamente a un \u00fanico usuario y su propio ordenador personal. En tal caso, ALSOL TURISMO S.L. s\u00f3lo utilizar\u00e1 estos datos en su conjunto con el fin \u00faltimo de mejorar sus servicios. Es posible que ALSOL TURISMO S.L. comparta esa informaci\u00f3n con sus empresas clientes, pero del mismo modo y en todo caso con car\u00e1cter global y estad\u00edstico \u00fanicamente.<\/p>\n<p>El documento electr\u00f3nico en el que se formaliza la reserva se archiva electr\u00f3nicamente durante el plazo legalmente establecido. Los clientes podr\u00e1n acceder a los datos ejercitando sus derechos de acceso correspondientes en la forma descrita anteriormente.<\/p>\n<p>Las operaciones de consulta de datos de cuenta de usuario y de petici\u00f3n de servicios o productos a trav\u00e9s de la Web ALSOL TURISMO S.L. se realizan mediante un servidor seguro. El software de dicho servidor codifica la informaci\u00f3n que el Usuario introduce antes de transmitirla a ALSOL TURISMO S.L. Asimismo, ALSOL TURISMO S.L. dispone de estrictos procedimientos de seguridad relativos al almacenamiento y revelaci\u00f3n de datos al objeto de evitar todo acceso no autorizado a los mismos, de acuerdo con lo que dispone el art\u00edculo 9 de la Ley Org\u00e1nica 15\/1999, de 13 de diciembre, de Protecci\u00f3n de Datos de Car\u00e1cter Personal vigente en Espa\u00f1a.<\/p>\n<p><strong>4. USO CORRECTO DE LOS CONTENIDOS DE LA WEB SITE POR EL USUARIO<\/strong><\/p>\n<p>4.1 ALSOL TURISMO S.L. declara que los derechos de propiedad industrial (Marcas, Nombres comerciales, etc.) que aparecen en esta Web Site son de su propiedad y\/o se encuentran leg\u00edtimamente explotados en virtud de acuerdos o licencias de uso, encontr\u00e1ndose debidamente protegidos por la Normativa existente sobre Propiedad Industrial. El Usuario se obliga a usar la Web Site de forma diligente, correcta y l\u00edcita y, en particular, se compromete a abstenerse de:<\/p>\n<p>(a) Suprimir, eludir o manipular el \u201ccopyright\u201d, marcas y dem\u00e1s datos identificativos de los derechos de ALSOL TURISMO S.L. o de sus titulares incorporados a los contenidos y\/o productos comercializados desde el Web Site de ALSOL TURISMO S.L., as\u00ed como los dispositivos t\u00e9cnicos de protecci\u00f3n, las huellas digitales o cualesquiera mecanismos de informaci\u00f3n que pudieren contener los mismos.<\/p>\n<p>(b) Emplear los contenidos y, en particular, la informaci\u00f3n de ALSOL TURISMO S.L. obtenida a trav\u00e9s de su Web Site para remitir publicidad, comunicaciones con fines de venta directa o con cualquier otra clase de finalidad comercial, mensajes no solicitados dirigidos a una pluralidad de personas.<\/p>\n<p>(c) Reproducir o copiar, distribuir, permitir el acceso del p\u00fablico a trav\u00e9s de cualquier modalidad de comunicaci\u00f3n p\u00fablica, transformar o modificar los contenidos, a menos que se cuente con la autorizaci\u00f3n del titular de los correspondientes derechos o ello resulte legalmente permitido.<\/p>\n<p>(d) En general, utilizar los contenidos de forma, con fines o efectos contrarios a la ley, a la moral y a las buenas costumbres generalmente aceptadas o al orden p\u00fablico. ALSOL TURISMO S.L. no concede ninguna licencia o autorizaci\u00f3n de uso de ninguna clase sobre sus derechos de propiedad industrial e intelectual o sobre cualquier otra propiedad o derecho relacionado con su Web Site.<\/p>\n<p>4.2. Procedimiento en caso de violaci\u00f3n de derechos de propiedad intelectual. En el caso de que cualquier Usuario o un tercero considere que cualquiera de los contenidos ha sido introducido en su Web Site con violaci\u00f3n de sus derechos de propiedad intelectual deber\u00e1 enviar una notificaci\u00f3n a ALSOL TURISMO S.L. con indicaci\u00f3n completa y precisa de sus datos y de los derechos de propiedad intelectual supuestamente infringidos as\u00ed como la Web Site.<\/p>\n<p>5. DERECHO DE MODIFICACI\u00d3N DE LAS T\u00c9RMINOS Y\/O CONDICIONES GENERALES DE CONTRATACI\u00d3N<\/p>\n<p>ALSOL TURISMO S.L. se reserva el derecho de modificar las presentes T\u00e9rminos y\/o Condiciones Generales de contrataci\u00f3n, informando a los usuarios de las modificaciones efectuadas a trav\u00e9s de www.alsolturismo.com.<\/p>\n<p><strong>6. EXCLUSI\u00d3N DE GARANT\u00cdAS Y DE RESPONSABILIDAD<\/strong><\/p>\n<p>6.1 ALSOL TURISMO S.L. NO GARANTIZA LA FIABILIDAD, DISPONIBILIDAD O CONTINUIDAD DE LOS SERVICIOS PUESTOS A DISPOSICI\u00d3N DEL USUARIO, POR LO QUE EXCLUYE CUALQUIER RESPONSABILIDAD POR LOS DA\u00d1OS Y\/O PERJUICIOS QUE PUEDAN DEBERSE A LA FALTA DE DISPONIBILIDAD, FIABILIDAD O CONTINUIDAD DE SU PAGINA WEB O DE SUS SERVICIOS, AUNQUE INTENTAR\u00c1 FACILITAR, EN LA MEDIDA DE SUS POSIBILIDADES, AYUDA T\u00c9CNICA A LA PERSONA AFECTADA, AS\u00cd COMO INTENTAR REESTABLECER DE INMEDIATO LA INTERRUPCI\u00d3N, PONIENDO A SU DISPOSICI\u00d3N, EN LA MEDIDA DE SUS POSIBILIDADES, MEDIOS ALTERNATIVOS.<\/p>\n<p>6.2 ALSOL TURISMO S.L. NO SE OBLIGA A CONTROLAR Y NO CONTROLA CON CAR\u00c1CTER PREVIO, LA AUSENCIA DE VIRUS O ELEMENTOS EN LOS CONTENIDOS, QUE PUEDAN PRODUCIR ALTERACIONES EN EL SOFTWARE O HARDWARE DE LOS USUARIOS O PERSONAS QUE VISITEN LAS P\u00c1GINAS, POR LO QUE NO RESPONDER\u00c1 DE LOS DA\u00d1OS Y PERJUICIOS DE CUALQUIER NATURALEZA QUE PUDIERAN DERIVARSE DE LOS MISMOS.<\/p>\n<p>6.3 SI ALSOL TURISMO S.L., A PESAR DE ACTUAR CON LA PREVISI\u00d3N Y DILIGENCIA DEBIDAS, NO PUDIESE FACILITAR LAS HABITACIONES CONTRATADAS POR RAZONES QUE NO LES SEAN IMPUTABLES Y SI EXISTIERA IMPOSIBILIDAD DE PRESTAR LOS SERVICIOS EN LAS CONDICIONES PACTADAS, ALSOL TURISMO S.L. OFRECER\u00c1 AL USUARIO LA POSIBILIDAD DE OPTAR POR EL REEMBOLSO TOTAL DE LO ABONADO O POR SU SUSTITUCI\u00d3N POR OTRO DE SIMILARES CARACTER\u00cdSTICAS EN CUANTO A CATEGOR\u00cdA O CALIDAD. SI DE LA SUSTITUCI\u00d3N EL SERVICIO RESULTASE DE INFERIOR CATEGOR\u00cdA O CALIDAD, ALSOL TURISMO S.L. DEBER\u00c1 REMBOLSAR\u00c1 LA DIFERENCIA.<\/p>\n<p><strong>7. SALVAGUARDA DE LOS T\u00c9RMINOS Y\/O CONDICIONES GENERALES DE CONTRATACI\u00d3N<\/strong><\/p>\n<p>Si una de las estipulaciones de los presentes T\u00e9rminos y\/o Condiciones Generales de contrataci\u00f3n fuera declarada nula o inoperante, el resto de las T\u00e9rminos o Condiciones Generales se mantendr\u00e1n en los T\u00e9rminos acordados. ALSOL TURISMO S.L. se comprometen a sustituir la estipulaci\u00f3n afectada por la nulidad aproxim\u00e1ndose lo m\u00e1s posible a la intenci\u00f3n inicialmente perseguida por las partes.<\/p>\n<p>NINGUNA ESTIPULACI\u00d3N EN ESTE CONTRATO AFECTAR\u00c1 EN MODO ALGUNO LAS DISPOSICIONES IMPERATIVAS EN MATERIA DE CONSUMIDORES. SI USTED NO ES UN CONSUMIDOR, USTED RENUNCIA EXPRESAMENTE A SU DERECHO DE DESISTIMIENTO.<\/p>\n<p><strong>8. WWW.ALSOLTURISMO.COM Y ACEPTACI\u00d3N DE NORMAS DE USO<\/strong><\/p>\n<p>El usuario es consciente de que el uso de los servicios de los servicios de Reserva on-line, implica la aceptaci\u00f3n plena y sin reservas de cada una de las cl\u00e1usulas integrantes de las Normas de Uso de www.alsolturismo.com, en la versi\u00f3n publicada por ALSOL TURISMO S.L. en el momento mismo en que el usuario contrate el servicio. Dichas normas de uso completan los presentes T\u00e9rminos o Condiciones Generales en todo aquello en lo que a \u00e9stas no se opongan. Por ello, el usuario deber\u00e1 ser consciente de la importancia de consultar las normas de la presente p\u00e1gina, con anterioridad al acceso y\/o uso de esto servicios.<\/p>\n<p><strong>9. LEY APLICABLE Y JURISDICCI\u00d3N COMPETENTE<\/strong><\/p>\n<p>Estos T\u00e9rminos y\/o Condiciones Generales de contrataci\u00f3n se rigen por la Ley Espa\u00f1ola. ALSOL TURISMO S.L. y los usuarios, para la resoluci\u00f3n de cualquier controversia que pudiera surgir, con respecto a su validez, ejecuci\u00f3n, cumplimiento o resoluci\u00f3n, total o parcial, se someten, con renuncia expresa a su fuero propio o a cualquier otro que, en su caso, pudiera corresponderle, a la competencia de los Juzgados y Tribunales de Las Palmas. Constituye este contrato la expresi\u00f3n completa e \u00edntegra del acuerdo entre ALSOL TURISMO S.L. y el usuario, y sustituye todos los anteriores pactos, compromisos, manifestaciones o acuerdos, tanto escritos como orales, que hayan existido previamente entre ambos.<\/p>\n<p>En todo caso, cualquier controversia que pudiera derivarse de la prestaci\u00f3n de los servicios en el establecimiento, se someter\u00e1 a los Juzgados y Tribunales del domicilio del consumidor.<\/p>\n","protected":false},"excerpt":{"rendered":"<p>1. INTRODUCCI\u00d3N El presente documento tiene por finalidad regular los TERMINOS o CONDICIONES GENERALES DE CONTRATACI\u00d3N de los servicios de Reserva on-line (en adelante, e indistintamente, los servicios de Reserva on-line, o los servicios) de EXPLOTACIONES ALSOL TURISMO S.L., con domicilio social en Urbanizaci\u00f3n D\u00edaz Casanova C5, c\u00f3digo postal 35010, Las Palmas de Gran Canaria, [&hellip;]<\/p>\n","protected":false},"author":2,"featured_media":0,"parent":0,"menu_order":0,"comment_status":"closed","ping_status":"closed","template":"","meta":{"pgc_sgb_lightbox_settings":"","footnotes":""},"acf":[],"_links":{"self":[{"href":"https:\/\/new.alsolturismo.com\/de\/wp-json\/wp\/v2\/pages\/8869"}],"collection":[{"href":"https:\/\/new.alsolturismo.com\/de\/wp-json\/wp\/v2\/pages"}],"about":[{"href":"https:\/\/new.alsolturismo.com\/de\/wp-json\/wp\/v2\/types\/page"}],"author":[{"embeddable":true,"href":"https:\/\/new.alsolturismo.com\/de\/wp-json\/wp\/v2\/users\/2"}],"replies":[{"embeddable":true,"href":"https:\/\/new.alsolturismo.com\/de\/wp-json\/wp\/v2\/comments?post=8869"}],"version-history":[{"count":0,"href":"https:\/\/new.alsolturismo.com\/de\/wp-json\/wp\/v2\/pages\/8869\/revisions"}],"wp:attachment":[{"href":"https:\/\/new.alsolturismo.com\/de\/wp-json\/wp\/v2\/media?parent=8869"}],"curies":[{"name":"wp","href":"https:\/\/api.w.org\/{rel}","templated":true}]}}