{"id":9658,"date":"2021-01-15T09:29:13","date_gmt":"2021-01-15T09:29:13","guid":{"rendered":"https:\/\/new.alsolturismo.com\/?page_id=9658"},"modified":"2022-06-17T07:24:43","modified_gmt":"2022-06-17T07:24:43","slug":"los-mariachis","status":"publish","type":"page","link":"https:\/\/new.alsolturismo.com\/de\/alsol-turismo-apartments\/los-mariachis\/","title":{"rendered":"Apartments Los Mariachis"},"content":{"rendered":"<div id=\"bne-carousel-559\" class=\"bne-gallery-extended bne-gallery-carousel-wrapper clearfix\"><div class=\"slider-inner\"><div class=\"bne-gallery-loader\"><div class=\"bounce1\"><\/div><div class=\"bounce2\"><\/div><div class=\"bounce3\"><\/div><\/div><div class=\"roundabout-nav\"><a href=\"#\" title=\"Previous\" class=\"prev\"><i class=\"fa fa-arrow-circle-left\"><\/i><\/a><a href=\"#\" title=\"Next\" class=\"next\"><i class=\"fa fa-arrow-circle-right\"><\/i><\/a><\/div><ul class=\"carousel-slider gallery\"><li class=\"slide gallery-item image-id-9669\"><a href='https:\/\/new.alsolturismo.com\/wp-content\/uploads\/2021\/01\/mariachi-13.jpg'><img fetchpriority=\"high\" decoding=\"async\" width=\"300\" height=\"200\" src=\"https:\/\/new.alsolturismo.com\/wp-content\/uploads\/2021\/01\/mariachi-13-300x200.jpg\" class=\"attachment-medium size-medium\" alt=\"\" loading=\"eager\" srcset=\"https:\/\/new.alsolturismo.com\/wp-content\/uploads\/2021\/01\/mariachi-13-300x200.jpg 300w, https:\/\/new.alsolturismo.com\/wp-content\/uploads\/2021\/01\/mariachi-13-768x511.jpg 768w, https:\/\/new.alsolturismo.com\/wp-content\/uploads\/2021\/01\/mariachi-13-700x466.jpg 700w, https:\/\/new.alsolturismo.com\/wp-content\/uploads\/2021\/01\/mariachi-13.jpg 1082w\" sizes=\"(max-width: 300px) 100vw, 300px\" \/><\/a><\/li><li class=\"slide gallery-item image-id-10499\"><a href='https:\/\/new.alsolturismo.com\/wp-content\/uploads\/2021\/01\/mariachi-4.jpg'><img decoding=\"async\" width=\"159\" height=\"224\" src=\"https:\/\/new.alsolturismo.com\/wp-content\/uploads\/2021\/01\/mariachi-4-159x224.jpg\" class=\"attachment-medium size-medium\" alt=\"\" loading=\"eager\" srcset=\"https:\/\/new.alsolturismo.com\/wp-content\/uploads\/2021\/01\/mariachi-4-159x224.jpg 159w, https:\/\/new.alsolturismo.com\/wp-content\/uploads\/2021\/01\/mariachi-4-700x988.jpg 700w, https:\/\/new.alsolturismo.com\/wp-content\/uploads\/2021\/01\/mariachi-4.jpg 720w\" sizes=\"(max-width: 159px) 100vw, 159px\" \/><\/a><\/li><li class=\"slide gallery-item image-id-10500\"><a href='https:\/\/new.alsolturismo.com\/wp-content\/uploads\/2021\/01\/mariachi-11.jpg'><img decoding=\"async\" width=\"149\" height=\"224\" src=\"https:\/\/new.alsolturismo.com\/wp-content\/uploads\/2021\/01\/mariachi-11-149x224.jpg\" class=\"attachment-medium size-medium\" alt=\"\" loading=\"eager\" srcset=\"https:\/\/new.alsolturismo.com\/wp-content\/uploads\/2021\/01\/mariachi-11-149x224.jpg 149w, https:\/\/new.alsolturismo.com\/wp-content\/uploads\/2021\/01\/mariachi-11-700x1052.jpg 700w, https:\/\/new.alsolturismo.com\/wp-content\/uploads\/2021\/01\/mariachi-11.jpg 720w\" sizes=\"(max-width: 149px) 100vw, 149px\" \/><\/a><\/li><li class=\"slide gallery-item image-id-9675\"><a href='https:\/\/new.alsolturismo.com\/wp-content\/uploads\/2021\/01\/mariachi-3.jpg'><img decoding=\"async\" width=\"300\" height=\"200\" src=\"https:\/\/new.alsolturismo.com\/wp-content\/uploads\/2021\/01\/mariachi-3-300x200.jpg\" class=\"attachment-medium size-medium\" alt=\"\" loading=\"eager\" srcset=\"https:\/\/new.alsolturismo.com\/wp-content\/uploads\/2021\/01\/mariachi-3-300x200.jpg 300w, https:\/\/new.alsolturismo.com\/wp-content\/uploads\/2021\/01\/mariachi-3-768x511.jpg 768w, https:\/\/new.alsolturismo.com\/wp-content\/uploads\/2021\/01\/mariachi-3-700x466.jpg 700w, https:\/\/new.alsolturismo.com\/wp-content\/uploads\/2021\/01\/mariachi-3.jpg 1082w\" sizes=\"(max-width: 300px) 100vw, 300px\" \/><\/a><\/li><li class=\"slide gallery-item image-id-9687\"><a href='https:\/\/new.alsolturismo.com\/wp-content\/uploads\/2021\/01\/mariachi-7.jpg'><img decoding=\"async\" width=\"300\" height=\"200\" src=\"https:\/\/new.alsolturismo.com\/wp-content\/uploads\/2021\/01\/mariachi-7-300x200.jpg\" class=\"attachment-medium size-medium\" alt=\"\" loading=\"eager\" srcset=\"https:\/\/new.alsolturismo.com\/wp-content\/uploads\/2021\/01\/mariachi-7-300x200.jpg 300w, https:\/\/new.alsolturismo.com\/wp-content\/uploads\/2021\/01\/mariachi-7-768x511.jpg 768w, https:\/\/new.alsolturismo.com\/wp-content\/uploads\/2021\/01\/mariachi-7-700x466.jpg 700w, https:\/\/new.alsolturismo.com\/wp-content\/uploads\/2021\/01\/mariachi-7.jpg 1082w\" sizes=\"(max-width: 300px) 100vw, 300px\" \/><\/a><\/li><li class=\"slide gallery-item image-id-9690\"><a href='https:\/\/new.alsolturismo.com\/wp-content\/uploads\/2021\/01\/mariachi-8.jpg'><img decoding=\"async\" width=\"289\" height=\"224\" src=\"https:\/\/new.alsolturismo.com\/wp-content\/uploads\/2021\/01\/mariachi-8-289x224.jpg\" class=\"attachment-medium size-medium\" alt=\"\" loading=\"eager\" srcset=\"https:\/\/new.alsolturismo.com\/wp-content\/uploads\/2021\/01\/mariachi-8-289x224.jpg 289w, https:\/\/new.alsolturismo.com\/wp-content\/uploads\/2021\/01\/mariachi-8-768x595.jpg 768w, https:\/\/new.alsolturismo.com\/wp-content\/uploads\/2021\/01\/mariachi-8-700x542.jpg 700w, https:\/\/new.alsolturismo.com\/wp-content\/uploads\/2021\/01\/mariachi-8.jpg 930w\" sizes=\"(max-width: 289px) 100vw, 289px\" \/><\/a><\/li><li class=\"slide gallery-item image-id-9693\"><a href='https:\/\/new.alsolturismo.com\/wp-content\/uploads\/2021\/01\/mariachi-9.jpg'><img decoding=\"async\" width=\"300\" height=\"200\" src=\"https:\/\/new.alsolturismo.com\/wp-content\/uploads\/2021\/01\/mariachi-9-300x200.jpg\" class=\"attachment-medium size-medium\" alt=\"\" loading=\"eager\" srcset=\"https:\/\/new.alsolturismo.com\/wp-content\/uploads\/2021\/01\/mariachi-9-300x200.jpg 300w, https:\/\/new.alsolturismo.com\/wp-content\/uploads\/2021\/01\/mariachi-9-768x511.jpg 768w, https:\/\/new.alsolturismo.com\/wp-content\/uploads\/2021\/01\/mariachi-9-700x466.jpg 700w, https:\/\/new.alsolturismo.com\/wp-content\/uploads\/2021\/01\/mariachi-9.jpg 1082w\" sizes=\"(max-width: 300px) 100vw, 300px\" \/><\/a><\/li><li class=\"slide gallery-item image-id-9708\"><a href='https:\/\/new.alsolturismo.com\/wp-content\/uploads\/2021\/01\/mariachi-15.jpg'><img decoding=\"async\" width=\"300\" height=\"224\" src=\"https:\/\/new.alsolturismo.com\/wp-content\/uploads\/2021\/01\/mariachi-15-300x224.jpg\" class=\"attachment-medium size-medium\" alt=\"\" loading=\"eager\" srcset=\"https:\/\/new.alsolturismo.com\/wp-content\/uploads\/2021\/01\/mariachi-15-300x224.jpg 300w, https:\/\/new.alsolturismo.com\/wp-content\/uploads\/2021\/01\/mariachi-15-1680x1260.jpg 1680w, https:\/\/new.alsolturismo.com\/wp-content\/uploads\/2021\/01\/mariachi-15-120x90.jpg 120w, https:\/\/new.alsolturismo.com\/wp-content\/uploads\/2021\/01\/mariachi-15-768x576.jpg 768w, https:\/\/new.alsolturismo.com\/wp-content\/uploads\/2021\/01\/mariachi-15-1536x1152.jpg 1536w, https:\/\/new.alsolturismo.com\/wp-content\/uploads\/2021\/01\/mariachi-15-700x525.jpg 700w, https:\/\/new.alsolturismo.com\/wp-content\/uploads\/2021\/01\/mariachi-15-100x75.jpg 100w, https:\/\/new.alsolturismo.com\/wp-content\/uploads\/2021\/01\/mariachi-15.jpg 1920w\" sizes=\"(max-width: 300px) 100vw, 300px\" \/><\/a><\/li><li class=\"slide gallery-item image-id-9711\"><a href='https:\/\/new.alsolturismo.com\/wp-content\/uploads\/2021\/01\/mariachi-16.jpg'><img decoding=\"async\" width=\"300\" height=\"224\" src=\"https:\/\/new.alsolturismo.com\/wp-content\/uploads\/2021\/01\/mariachi-16-300x224.jpg\" class=\"attachment-medium size-medium\" alt=\"\" loading=\"eager\" srcset=\"https:\/\/new.alsolturismo.com\/wp-content\/uploads\/2021\/01\/mariachi-16-300x224.jpg 300w, https:\/\/new.alsolturismo.com\/wp-content\/uploads\/2021\/01\/mariachi-16-1680x1260.jpg 1680w, https:\/\/new.alsolturismo.com\/wp-content\/uploads\/2021\/01\/mariachi-16-120x90.jpg 120w, https:\/\/new.alsolturismo.com\/wp-content\/uploads\/2021\/01\/mariachi-16-768x576.jpg 768w, https:\/\/new.alsolturismo.com\/wp-content\/uploads\/2021\/01\/mariachi-16-1536x1152.jpg 1536w, https:\/\/new.alsolturismo.com\/wp-content\/uploads\/2021\/01\/mariachi-16-700x525.jpg 700w, https:\/\/new.alsolturismo.com\/wp-content\/uploads\/2021\/01\/mariachi-16-100x75.jpg 100w, https:\/\/new.alsolturismo.com\/wp-content\/uploads\/2021\/01\/mariachi-16.jpg 1920w\" sizes=\"(max-width: 300px) 100vw, 300px\" \/><\/a><\/li><li class=\"slide gallery-item image-id-9702\"><a href='https:\/\/new.alsolturismo.com\/wp-content\/uploads\/2021\/01\/mariachi-12.jpg'><img decoding=\"async\" width=\"300\" height=\"200\" src=\"https:\/\/new.alsolturismo.com\/wp-content\/uploads\/2021\/01\/mariachi-12-300x200.jpg\" class=\"attachment-medium size-medium\" alt=\"\" loading=\"eager\" srcset=\"https:\/\/new.alsolturismo.com\/wp-content\/uploads\/2021\/01\/mariachi-12-300x200.jpg 300w, https:\/\/new.alsolturismo.com\/wp-content\/uploads\/2021\/01\/mariachi-12-768x511.jpg 768w, https:\/\/new.alsolturismo.com\/wp-content\/uploads\/2021\/01\/mariachi-12-700x466.jpg 700w, https:\/\/new.alsolturismo.com\/wp-content\/uploads\/2021\/01\/mariachi-12.jpg 1082w\" sizes=\"(max-width: 300px) 100vw, 300px\" \/><\/a><\/li><li class=\"slide gallery-item image-id-9696\"><a href='https:\/\/new.alsolturismo.com\/wp-content\/uploads\/2021\/01\/mariachi-10.jpg'><img decoding=\"async\" width=\"300\" height=\"208\" src=\"https:\/\/new.alsolturismo.com\/wp-content\/uploads\/2021\/01\/mariachi-10-300x208.jpg\" class=\"attachment-medium size-medium\" alt=\"\" loading=\"eager\" srcset=\"https:\/\/new.alsolturismo.com\/wp-content\/uploads\/2021\/01\/mariachi-10-300x208.jpg 300w, https:\/\/new.alsolturismo.com\/wp-content\/uploads\/2021\/01\/mariachi-10-768x532.jpg 768w, https:\/\/new.alsolturismo.com\/wp-content\/uploads\/2021\/01\/mariachi-10-700x485.jpg 700w, https:\/\/new.alsolturismo.com\/wp-content\/uploads\/2021\/01\/mariachi-10.jpg 1038w\" sizes=\"(max-width: 300px) 100vw, 300px\" \/><\/a><\/li><li class=\"slide gallery-item image-id-9672\"><a href='https:\/\/new.alsolturismo.com\/wp-content\/uploads\/2021\/01\/mariachi-2.jpg'><img decoding=\"async\" width=\"300\" height=\"201\" src=\"https:\/\/new.alsolturismo.com\/wp-content\/uploads\/2021\/01\/mariachi-2-300x201.jpg\" class=\"attachment-medium size-medium\" alt=\"\" loading=\"eager\" srcset=\"https:\/\/new.alsolturismo.com\/wp-content\/uploads\/2021\/01\/mariachi-2-300x201.jpg 300w, https:\/\/new.alsolturismo.com\/wp-content\/uploads\/2021\/01\/mariachi-2-768x515.jpg 768w, https:\/\/new.alsolturismo.com\/wp-content\/uploads\/2021\/01\/mariachi-2-700x470.jpg 700w, https:\/\/new.alsolturismo.com\/wp-content\/uploads\/2021\/01\/mariachi-2.jpg 1073w\" sizes=\"(max-width: 300px) 100vw, 300px\" \/><\/a><\/li><li class=\"slide gallery-item image-id-9705\"><a href='https:\/\/new.alsolturismo.com\/wp-content\/uploads\/2021\/01\/mariachi-14.jpg'><img decoding=\"async\" width=\"300\" height=\"200\" src=\"https:\/\/new.alsolturismo.com\/wp-content\/uploads\/2021\/01\/mariachi-14-300x200.jpg\" class=\"attachment-medium size-medium\" alt=\"\" loading=\"eager\" srcset=\"https:\/\/new.alsolturismo.com\/wp-content\/uploads\/2021\/01\/mariachi-14-300x200.jpg 300w, https:\/\/new.alsolturismo.com\/wp-content\/uploads\/2021\/01\/mariachi-14-768x512.jpg 768w, https:\/\/new.alsolturismo.com\/wp-content\/uploads\/2021\/01\/mariachi-14-700x467.jpg 700w, https:\/\/new.alsolturismo.com\/wp-content\/uploads\/2021\/01\/mariachi-14.jpg 1079w\" sizes=\"(max-width: 300px) 100vw, 300px\" \/><\/a><\/li><li class=\"slide gallery-item image-id-9681\"><a href='https:\/\/new.alsolturismo.com\/wp-content\/uploads\/2021\/01\/mariachi-5.jpg'><img decoding=\"async\" width=\"161\" height=\"224\" src=\"https:\/\/new.alsolturismo.com\/wp-content\/uploads\/2021\/01\/mariachi-5-161x224.jpg\" class=\"attachment-medium size-medium\" alt=\"\" loading=\"eager\" srcset=\"https:\/\/new.alsolturismo.com\/wp-content\/uploads\/2021\/01\/mariachi-5-161x224.jpg 161w, https:\/\/new.alsolturismo.com\/wp-content\/uploads\/2021\/01\/mariachi-5-700x975.jpg 700w, https:\/\/new.alsolturismo.com\/wp-content\/uploads\/2021\/01\/mariachi-5.jpg 720w\" sizes=\"(max-width: 161px) 100vw, 161px\" \/><\/a><\/li><li class=\"slide gallery-item image-id-9684\"><a href='https:\/\/new.alsolturismo.com\/wp-content\/uploads\/2021\/01\/mariachi-6.jpg'><img decoding=\"async\" width=\"149\" height=\"224\" src=\"https:\/\/new.alsolturismo.com\/wp-content\/uploads\/2021\/01\/mariachi-6-149x224.jpg\" class=\"attachment-medium size-medium\" alt=\"\" loading=\"eager\" srcset=\"https:\/\/new.alsolturismo.com\/wp-content\/uploads\/2021\/01\/mariachi-6-149x224.jpg 149w, https:\/\/new.alsolturismo.com\/wp-content\/uploads\/2021\/01\/mariachi-6-700x1052.jpg 700w, https:\/\/new.alsolturismo.com\/wp-content\/uploads\/2021\/01\/mariachi-6.jpg 720w\" sizes=\"(max-width: 149px) 100vw, 149px\" \/><\/a><\/li><\/ul><!-- .carousel-slider (end) --><\/div><!-- .slider-inner (end) --><\/div><!-- #bne-carousel-559 (end) -->\n<hr \/>\n<p>&nbsp;<\/p>\n<p>In Playa del Ingles, weniger als 1 km von Playa del Cochino entfernt, erwarten Sie die Apartments Los Mariachis mit Unterk\u00fcnften mit einem Au\u00dfenpool, einem Garten, einer Terrasse und kostenfreiem WLAN. Es liegt weniger als 1 km vom Yumbo Center entfernt und bietet einen Tourenschalter.<\/p>\n<p>Das Apartment mit Balkon und Poolblick verf\u00fcgt \u00fcber 1 Schlafzimmer, ein Wohnzimmer, einen Flachbild-TV, eine komplett ausgestattete K\u00fcche mit Mikrowelle und K\u00fchlschrank sowie 1 Bad mit Dusche.<\/p>\n<p>Das Einkaufszentrum Cita befindet sich 1,2 km vom Apartment entfernt und vom Pacha Gran Canaria trennen Sie 1,8 km. Der n\u00e4chste Flughafen ist der 33 km von den Apartamentos Mariachis entfernte Flughafen Gran Canaria. Die Unterkunft bietet einen kostenpflichtigen Flughafentransfer.<\/p>\n<p><strong>Minderj\u00e4hrige d\u00fcrfen nicht bleiben, wenn ihre eltern w\u00e4hrend des gesamten aufenthalts nicht bei ihnen bleiben.<\/strong><\/p>\n<p><strong>Das sichere im zimmer kostet 15 \u20ac pro woche und 10 \u20ac einzahlung.<\/strong><\/p>\n<div class=\"apartamento-tabs\"><ul class=\"nav nav-tabs\" id=\"oscitas-tabs-0\"><li class=\"active\"><a class=\"\" href=\"#pane-0-0\" data-toggle=\"tab\">Lage<\/a><\/li><li class=\"\"><a class=\"\" href=\"#pane-0-1\" data-toggle=\"tab\">Kontakt<\/a><\/li><\/ul><div class=\"tab-content\"><div class=\"tab-pane active\" id=\"pane-0-0\"><\/p>\n<p>Avenida de Estados Unidos,14<br \/>\n35100 &#8211; Playa del Ingl\u00e9s<br \/>\nGran Canaria, Islas Canarias, Espa\u00f1a<\/p>\n<p><iframe loading=\"lazy\" style=\"border: 0;\" tabindex=\"0\" src=\"https:\/\/www.google.com\/maps\/embed?pb=!1m14!1m8!1m3!1d8397.663056829917!2d-15.571940681789771!3d27.75485749804377!3m2!1i1024!2i768!4f13.1!3m3!1m2!1s0x0%3A0xaa1746325ebbb62c!2sLos%20Mariachis!5e0!3m2!1ses!2ses!4v1610701346289!5m2!1ses!2ses\" width=\"400\" height=\"300\" frameborder=\"0\" allowfullscreen=\"allowfullscreen\" aria-hidden=\"false\"><\/iframe><\/p>\n<p><\/div><div class=\"tab-pane \" id=\"pane-0-1\"><\/p>\n<p>Tel\u00e9fono: (0034) 928 77 50 60<br \/>\nE-Mail: <a href=\"mailto:reservas@alsolturismo.es\">reservas@alsolturismo.es<\/a><\/p>\n<p><div role=\"form\" class=\"wpcf7\" id=\"wpcf7-f808-o1\" lang=\"de-DE\" dir=\"ltr\">\n<div class=\"screen-reader-response\"><p role=\"status\" aria-live=\"polite\" aria-atomic=\"true\"><\/p> <ul><\/ul><\/div>\n<form action=\"\/de\/wp-json\/wp\/v2\/pages\/9658#wpcf7-f808-o1\" method=\"post\" class=\"wpcf7-form init\" novalidate=\"novalidate\" data-status=\"init\">\n<div style=\"display: none;\">\n<input type=\"hidden\" name=\"_wpcf7\" value=\"808\" \/>\n<input type=\"hidden\" name=\"_wpcf7_version\" value=\"5.6.3\" \/>\n<input type=\"hidden\" name=\"_wpcf7_locale\" value=\"de_DE\" \/>\n<input type=\"hidden\" name=\"_wpcf7_unit_tag\" value=\"wpcf7-f808-o1\" \/>\n<input type=\"hidden\" name=\"_wpcf7_container_post\" value=\"0\" \/>\n<input type=\"hidden\" name=\"_wpcf7_posted_data_hash\" value=\"\" \/>\n<input type=\"hidden\" name=\"_wpcf7_recaptcha_response\" value=\"\" \/>\n<\/div>\n<div class=\"row\">\n<div class=\"form-group col-md-12 col-sm-12 col-xs-12\">\n<label>Name<\/label><br \/>\n<span class=\"wpcf7-form-control-wrap\" data-name=\"nombre\"><input type=\"text\" name=\"nombre\" value=\"\" size=\"40\" class=\"wpcf7-form-control wpcf7-text wpcf7-validates-as-required form-control\" aria-required=\"true\" aria-invalid=\"false\" \/><\/span>\n<\/div>\n<div class=\"form-group col-md-6 col-sm-12 col-xs-12\">\n<label>Email<\/label><br \/>\n<span class=\"wpcf7-form-control-wrap\" data-name=\"email\"><input type=\"email\" name=\"email\" value=\"\" size=\"40\" class=\"wpcf7-form-control wpcf7-text wpcf7-email wpcf7-validates-as-required wpcf7-validates-as-email form-control\" aria-required=\"true\" aria-invalid=\"false\" \/><\/span>\n<\/div>\n<div class=\"form-group col-md-6 col-sm-6 col-xs-6\">\n<label>Telefon<\/label><br \/>\n<span class=\"wpcf7-form-control-wrap\" data-name=\"telefono\"><input type=\"text\" name=\"telefono\" value=\"\" size=\"40\" class=\"wpcf7-form-control wpcf7-text form-control\" aria-invalid=\"false\" \/><\/span>\n<\/div>\n<div class=\"form-group col-md-12 col-sm-12 col-xs-12\">\n<label>Betreff<\/label><br \/>\n<span class=\"wpcf7-form-control-wrap\" data-name=\"asunto\"><input type=\"text\" name=\"asunto\" value=\"\" size=\"40\" class=\"wpcf7-form-control wpcf7-text wpcf7-validates-as-required form-control\" aria-required=\"true\" aria-invalid=\"false\" \/><\/span>\n<\/div>\n<div class=\"form-group col-md-12 col-sm-12 col-xs-12\">\n<label>Nachricht<\/label><br \/>\n<span class=\"wpcf7-form-control-wrap\" data-name=\"mensaje\"><textarea name=\"mensaje\" cols=\"40\" rows=\"10\" class=\"wpcf7-form-control wpcf7-textarea wpcf7-validates-as-required form-control\" aria-required=\"true\" aria-invalid=\"false\"><\/textarea><\/span>\n<\/div>\n<\/div>\n<div class=\"row\">\n<div class=\"col-md-12 col-sm-12 col-xs-12\">\n<input type=\"submit\" value=\"Nachricht senden\" class=\"wpcf7-form-control has-spinner wpcf7-submit btn btn-primary\" \/>\n<\/div>\n<\/div>\n<div class=\"row\">\n<div class=\"wpcf7-response-output\" aria-hidden=\"true\"><\/div>\n<\/div>\n<input type='hidden' class='wpcf7-pum' value='{\"closepopup\":false,\"closedelay\":0,\"openpopup\":false,\"openpopup_id\":0}' \/><\/form><\/div><\/p>\n<p><\/div><\/div><\/div>\n","protected":false},"excerpt":{"rendered":"<p>&nbsp; In Playa del Ingles, weniger als 1 km von Playa del Cochino entfernt, erwarten Sie die Apartments Los Mariachis mit Unterk\u00fcnften mit einem Au\u00dfenpool, einem Garten, einer Terrasse und kostenfreiem WLAN. Es liegt weniger als 1 km vom Yumbo Center entfernt und bietet einen Tourenschalter. Das Apartment mit Balkon und Poolblick verf\u00fcgt \u00fcber 1 [&hellip;]<\/p>\n","protected":false},"author":2,"featured_media":9671,"parent":742,"menu_order":0,"comment_status":"closed","ping_status":"closed","template":"","meta":{"pgc_sgb_lightbox_settings":"","footnotes":""},"acf":[],"_links":{"self":[{"href":"https:\/\/new.alsolturismo.com\/de\/wp-json\/wp\/v2\/pages\/9658"}],"collection":[{"href":"https:\/\/new.alsolturismo.com\/de\/wp-json\/wp\/v2\/pages"}],"about":[{"href":"https:\/\/new.alsolturismo.com\/de\/wp-json\/wp\/v2\/types\/page"}],"author":[{"embeddable":true,"href":"https:\/\/new.alsolturismo.com\/de\/wp-json\/wp\/v2\/users\/2"}],"replies":[{"embeddable":true,"href":"https:\/\/new.alsolturismo.com\/de\/wp-json\/wp\/v2\/comments?post=9658"}],"version-history":[{"count":10,"href":"https:\/\/new.alsolturismo.com\/de\/wp-json\/wp\/v2\/pages\/9658\/revisions"}],"predecessor-version":[{"id":14498,"href":"https:\/\/new.alsolturismo.com\/de\/wp-json\/wp\/v2\/pages\/9658\/revisions\/14498"}],"up":[{"embeddable":true,"href":"https:\/\/new.alsolturismo.com\/de\/wp-json\/wp\/v2\/pages\/742"}],"wp:featuredmedia":[{"embeddable":true,"href":"https:\/\/new.alsolturismo.com\/de\/wp-json\/wp\/v2\/media\/9671"}],"wp:attachment":[{"href":"https:\/\/new.alsolturismo.com\/de\/wp-json\/wp\/v2\/media?parent=9658"}],"curies":[{"name":"wp","href":"https:\/\/api.w.org\/{rel}","templated":true}]}}