{"id":9664,"date":"2021-01-15T09:19:20","date_gmt":"2021-01-15T09:19:20","guid":{"rendered":"https:\/\/new.alsolturismo.com\/?page_id=9664"},"modified":"2022-06-17T07:19:43","modified_gmt":"2022-06-17T07:19:43","slug":"los-caribes-2","status":"publish","type":"page","link":"https:\/\/new.alsolturismo.com\/de\/alsol-turismo-apartments\/los-caribes-2\/","title":{"rendered":"Apartments Caribes 2 (Only adults)"},"content":{"rendered":"<div id=\"bne-carousel-853\" class=\"bne-gallery-extended bne-gallery-carousel-wrapper clearfix\"><div class=\"slider-inner\"><div class=\"bne-gallery-loader\"><div class=\"bounce1\"><\/div><div class=\"bounce2\"><\/div><div class=\"bounce3\"><\/div><\/div><div class=\"roundabout-nav\"><a href=\"#\" title=\"Previous\" class=\"prev\"><i class=\"fa fa-arrow-circle-left\"><\/i><\/a><a href=\"#\" title=\"Next\" class=\"next\"><i class=\"fa fa-arrow-circle-right\"><\/i><\/a><\/div><ul class=\"carousel-slider gallery\"><li class=\"slide gallery-item image-id-9820\"><a href='https:\/\/new.alsolturismo.com\/wp-content\/uploads\/2021\/01\/caribe-2-13.jpg'><img fetchpriority=\"high\" decoding=\"async\" width=\"300\" height=\"200\" src=\"https:\/\/new.alsolturismo.com\/wp-content\/uploads\/2021\/01\/caribe-2-13-300x200.jpg\" class=\"attachment-medium size-medium\" alt=\"\" loading=\"eager\" srcset=\"https:\/\/new.alsolturismo.com\/wp-content\/uploads\/2021\/01\/caribe-2-13-300x200.jpg 300w, https:\/\/new.alsolturismo.com\/wp-content\/uploads\/2021\/01\/caribe-2-13-768x511.jpg 768w, https:\/\/new.alsolturismo.com\/wp-content\/uploads\/2021\/01\/caribe-2-13-700x466.jpg 700w, https:\/\/new.alsolturismo.com\/wp-content\/uploads\/2021\/01\/caribe-2-13.jpg 1082w\" sizes=\"(max-width: 300px) 100vw, 300px\" \/><\/a><\/li><li class=\"slide gallery-item image-id-9796\"><a href='https:\/\/new.alsolturismo.com\/wp-content\/uploads\/2021\/01\/caribe-2-4.jpg'><img decoding=\"async\" width=\"300\" height=\"200\" src=\"https:\/\/new.alsolturismo.com\/wp-content\/uploads\/2021\/01\/caribe-2-4-300x200.jpg\" class=\"attachment-medium size-medium\" alt=\"\" loading=\"eager\" srcset=\"https:\/\/new.alsolturismo.com\/wp-content\/uploads\/2021\/01\/caribe-2-4-300x200.jpg 300w, https:\/\/new.alsolturismo.com\/wp-content\/uploads\/2021\/01\/caribe-2-4-768x511.jpg 768w, https:\/\/new.alsolturismo.com\/wp-content\/uploads\/2021\/01\/caribe-2-4-700x466.jpg 700w, https:\/\/new.alsolturismo.com\/wp-content\/uploads\/2021\/01\/caribe-2-4.jpg 1082w\" sizes=\"(max-width: 300px) 100vw, 300px\" \/><\/a><\/li><li class=\"slide gallery-item image-id-9802\"><a href='https:\/\/new.alsolturismo.com\/wp-content\/uploads\/2021\/01\/caribe-2-6.jpg'><img decoding=\"async\" width=\"300\" height=\"200\" src=\"https:\/\/new.alsolturismo.com\/wp-content\/uploads\/2021\/01\/caribe-2-6-300x200.jpg\" class=\"attachment-medium size-medium\" alt=\"\" loading=\"eager\" srcset=\"https:\/\/new.alsolturismo.com\/wp-content\/uploads\/2021\/01\/caribe-2-6-300x200.jpg 300w, https:\/\/new.alsolturismo.com\/wp-content\/uploads\/2021\/01\/caribe-2-6-768x511.jpg 768w, https:\/\/new.alsolturismo.com\/wp-content\/uploads\/2021\/01\/caribe-2-6-700x466.jpg 700w, https:\/\/new.alsolturismo.com\/wp-content\/uploads\/2021\/01\/caribe-2-6.jpg 1082w\" sizes=\"(max-width: 300px) 100vw, 300px\" \/><\/a><\/li><li class=\"slide gallery-item image-id-9790\"><a href='https:\/\/new.alsolturismo.com\/wp-content\/uploads\/2021\/01\/caribe-2-2.jpg'><img decoding=\"async\" width=\"300\" height=\"200\" src=\"https:\/\/new.alsolturismo.com\/wp-content\/uploads\/2021\/01\/caribe-2-2-300x200.jpg\" class=\"attachment-medium size-medium\" alt=\"\" loading=\"eager\" srcset=\"https:\/\/new.alsolturismo.com\/wp-content\/uploads\/2021\/01\/caribe-2-2-300x200.jpg 300w, https:\/\/new.alsolturismo.com\/wp-content\/uploads\/2021\/01\/caribe-2-2-768x511.jpg 768w, https:\/\/new.alsolturismo.com\/wp-content\/uploads\/2021\/01\/caribe-2-2-700x466.jpg 700w, https:\/\/new.alsolturismo.com\/wp-content\/uploads\/2021\/01\/caribe-2-2.jpg 1082w\" sizes=\"(max-width: 300px) 100vw, 300px\" \/><\/a><\/li><li class=\"slide gallery-item image-id-9787\"><a href='https:\/\/new.alsolturismo.com\/wp-content\/uploads\/2021\/01\/caribe-2-1.jpg'><img decoding=\"async\" width=\"300\" height=\"200\" src=\"https:\/\/new.alsolturismo.com\/wp-content\/uploads\/2021\/01\/caribe-2-1-300x200.jpg\" class=\"attachment-medium size-medium\" alt=\"\" loading=\"eager\" srcset=\"https:\/\/new.alsolturismo.com\/wp-content\/uploads\/2021\/01\/caribe-2-1-300x200.jpg 300w, https:\/\/new.alsolturismo.com\/wp-content\/uploads\/2021\/01\/caribe-2-1-768x511.jpg 768w, https:\/\/new.alsolturismo.com\/wp-content\/uploads\/2021\/01\/caribe-2-1-700x466.jpg 700w, https:\/\/new.alsolturismo.com\/wp-content\/uploads\/2021\/01\/caribe-2-1.jpg 1082w\" sizes=\"(max-width: 300px) 100vw, 300px\" \/><\/a><\/li><li class=\"slide gallery-item image-id-9805\"><a href='https:\/\/new.alsolturismo.com\/wp-content\/uploads\/2021\/01\/caribe-2-7.jpg'><img decoding=\"async\" width=\"174\" height=\"224\" src=\"https:\/\/new.alsolturismo.com\/wp-content\/uploads\/2021\/01\/caribe-2-7-174x224.jpg\" class=\"attachment-medium size-medium\" alt=\"\" loading=\"eager\" srcset=\"https:\/\/new.alsolturismo.com\/wp-content\/uploads\/2021\/01\/caribe-2-7-174x224.jpg 174w, https:\/\/new.alsolturismo.com\/wp-content\/uploads\/2021\/01\/caribe-2-7-700x899.jpg 700w, https:\/\/new.alsolturismo.com\/wp-content\/uploads\/2021\/01\/caribe-2-7.jpg 720w\" sizes=\"(max-width: 174px) 100vw, 174px\" \/><\/a><\/li><li class=\"slide gallery-item image-id-9808\"><a href='https:\/\/new.alsolturismo.com\/wp-content\/uploads\/2021\/01\/caribe-2-8.jpg'><img decoding=\"async\" width=\"300\" height=\"200\" src=\"https:\/\/new.alsolturismo.com\/wp-content\/uploads\/2021\/01\/caribe-2-8-300x200.jpg\" class=\"attachment-medium size-medium\" alt=\"\" loading=\"eager\" srcset=\"https:\/\/new.alsolturismo.com\/wp-content\/uploads\/2021\/01\/caribe-2-8-300x200.jpg 300w, https:\/\/new.alsolturismo.com\/wp-content\/uploads\/2021\/01\/caribe-2-8-768x511.jpg 768w, https:\/\/new.alsolturismo.com\/wp-content\/uploads\/2021\/01\/caribe-2-8-700x466.jpg 700w, https:\/\/new.alsolturismo.com\/wp-content\/uploads\/2021\/01\/caribe-2-8.jpg 1082w\" sizes=\"(max-width: 300px) 100vw, 300px\" \/><\/a><\/li><li class=\"slide gallery-item image-id-9811\"><a href='https:\/\/new.alsolturismo.com\/wp-content\/uploads\/2021\/01\/caribe-2-9.jpg'><img decoding=\"async\" width=\"300\" height=\"200\" src=\"https:\/\/new.alsolturismo.com\/wp-content\/uploads\/2021\/01\/caribe-2-9-300x200.jpg\" class=\"attachment-medium size-medium\" alt=\"\" loading=\"eager\" srcset=\"https:\/\/new.alsolturismo.com\/wp-content\/uploads\/2021\/01\/caribe-2-9-300x200.jpg 300w, https:\/\/new.alsolturismo.com\/wp-content\/uploads\/2021\/01\/caribe-2-9-768x511.jpg 768w, https:\/\/new.alsolturismo.com\/wp-content\/uploads\/2021\/01\/caribe-2-9-700x466.jpg 700w, https:\/\/new.alsolturismo.com\/wp-content\/uploads\/2021\/01\/caribe-2-9.jpg 1082w\" sizes=\"(max-width: 300px) 100vw, 300px\" \/><\/a><\/li><li class=\"slide gallery-item image-id-9817\"><a href='https:\/\/new.alsolturismo.com\/wp-content\/uploads\/2021\/01\/caribe-2-11.jpg'><img decoding=\"async\" width=\"300\" height=\"200\" src=\"https:\/\/new.alsolturismo.com\/wp-content\/uploads\/2021\/01\/caribe-2-11-300x200.jpg\" class=\"attachment-medium size-medium\" alt=\"\" loading=\"eager\" srcset=\"https:\/\/new.alsolturismo.com\/wp-content\/uploads\/2021\/01\/caribe-2-11-300x200.jpg 300w, https:\/\/new.alsolturismo.com\/wp-content\/uploads\/2021\/01\/caribe-2-11-768x511.jpg 768w, https:\/\/new.alsolturismo.com\/wp-content\/uploads\/2021\/01\/caribe-2-11-700x466.jpg 700w, https:\/\/new.alsolturismo.com\/wp-content\/uploads\/2021\/01\/caribe-2-11.jpg 1082w\" sizes=\"(max-width: 300px) 100vw, 300px\" \/><\/a><\/li><li class=\"slide gallery-item image-id-9799\"><a href='https:\/\/new.alsolturismo.com\/wp-content\/uploads\/2021\/01\/caribe-2-5.jpg'><img decoding=\"async\" width=\"300\" height=\"209\" src=\"https:\/\/new.alsolturismo.com\/wp-content\/uploads\/2021\/01\/caribe-2-5-300x209.jpg\" class=\"attachment-medium size-medium\" alt=\"\" loading=\"eager\" srcset=\"https:\/\/new.alsolturismo.com\/wp-content\/uploads\/2021\/01\/caribe-2-5-300x209.jpg 300w, https:\/\/new.alsolturismo.com\/wp-content\/uploads\/2021\/01\/caribe-2-5-768x535.jpg 768w, https:\/\/new.alsolturismo.com\/wp-content\/uploads\/2021\/01\/caribe-2-5-700x487.jpg 700w, https:\/\/new.alsolturismo.com\/wp-content\/uploads\/2021\/01\/caribe-2-5.jpg 1034w\" sizes=\"(max-width: 300px) 100vw, 300px\" \/><\/a><\/li><li class=\"slide gallery-item image-id-9793\"><a href='https:\/\/new.alsolturismo.com\/wp-content\/uploads\/2021\/01\/caribe-2-3.jpg'><img decoding=\"async\" width=\"159\" height=\"224\" src=\"https:\/\/new.alsolturismo.com\/wp-content\/uploads\/2021\/01\/caribe-2-3-159x224.jpg\" class=\"attachment-medium size-medium\" alt=\"\" loading=\"eager\" srcset=\"https:\/\/new.alsolturismo.com\/wp-content\/uploads\/2021\/01\/caribe-2-3-159x224.jpg 159w, https:\/\/new.alsolturismo.com\/wp-content\/uploads\/2021\/01\/caribe-2-3-700x988.jpg 700w, https:\/\/new.alsolturismo.com\/wp-content\/uploads\/2021\/01\/caribe-2-3.jpg 720w\" sizes=\"(max-width: 159px) 100vw, 159px\" \/><\/a><\/li><li class=\"slide gallery-item image-id-9814\"><a href='https:\/\/new.alsolturismo.com\/wp-content\/uploads\/2021\/01\/caribe-2-10.jpg'><img decoding=\"async\" width=\"149\" height=\"224\" src=\"https:\/\/new.alsolturismo.com\/wp-content\/uploads\/2021\/01\/caribe-2-10-149x224.jpg\" class=\"attachment-medium size-medium\" alt=\"\" loading=\"eager\" srcset=\"https:\/\/new.alsolturismo.com\/wp-content\/uploads\/2021\/01\/caribe-2-10-149x224.jpg 149w, https:\/\/new.alsolturismo.com\/wp-content\/uploads\/2021\/01\/caribe-2-10-700x1052.jpg 700w, https:\/\/new.alsolturismo.com\/wp-content\/uploads\/2021\/01\/caribe-2-10.jpg 720w\" sizes=\"(max-width: 149px) 100vw, 149px\" \/><\/a><\/li><li class=\"slide gallery-item image-id-9826\"><a href='https:\/\/new.alsolturismo.com\/wp-content\/uploads\/2021\/01\/caribe-2-15.jpg'><img decoding=\"async\" width=\"149\" height=\"224\" src=\"https:\/\/new.alsolturismo.com\/wp-content\/uploads\/2021\/01\/caribe-2-15-149x224.jpg\" class=\"attachment-medium size-medium\" alt=\"\" loading=\"eager\" srcset=\"https:\/\/new.alsolturismo.com\/wp-content\/uploads\/2021\/01\/caribe-2-15-149x224.jpg 149w, https:\/\/new.alsolturismo.com\/wp-content\/uploads\/2021\/01\/caribe-2-15-700x1052.jpg 700w, https:\/\/new.alsolturismo.com\/wp-content\/uploads\/2021\/01\/caribe-2-15.jpg 720w\" sizes=\"(max-width: 149px) 100vw, 149px\" \/><\/a><\/li><li class=\"slide gallery-item image-id-10502\"><a href='https:\/\/new.alsolturismo.com\/wp-content\/uploads\/2021\/01\/caribe-2-14.jpg'><img decoding=\"async\" width=\"149\" height=\"224\" src=\"https:\/\/new.alsolturismo.com\/wp-content\/uploads\/2021\/01\/caribe-2-14-149x224.jpg\" class=\"attachment-medium size-medium\" alt=\"\" loading=\"eager\" srcset=\"https:\/\/new.alsolturismo.com\/wp-content\/uploads\/2021\/01\/caribe-2-14-149x224.jpg 149w, https:\/\/new.alsolturismo.com\/wp-content\/uploads\/2021\/01\/caribe-2-14-700x1052.jpg 700w, https:\/\/new.alsolturismo.com\/wp-content\/uploads\/2021\/01\/caribe-2-14.jpg 720w\" sizes=\"(max-width: 149px) 100vw, 149px\" \/><\/a><\/li><\/ul><!-- .carousel-slider (end) --><\/div><!-- .slider-inner (end) --><\/div><!-- #bne-carousel-853 (end) -->\n<hr \/>\n<p>&nbsp;<\/p>\n<p>In Playa del Ingles bietet das Apartments Caribes 2 (Only adults) voll ausgestattete Studios mit einer Terrasse und Zugang zu einem Au\u00dfenpool. Die Unterkunft befindet sich 100 m vom Strand entfernt. WLAN nutzen Sie kostenfrei.<\/p>\n<p>Die hellen Studios verf\u00fcgen \u00fcber einen Sitzbereich mit einem Flachbild-TV und einem Schlafsofa. Die K\u00fcche ist mit einem Toaster, einer Kaffeemaschine und einer Mikrowelle ausgestattet. Ein Schlafzimmer mit 2 Einzelbetten und ein Badezimmer mit einer Dusche sind ebenfalls vorhanden. Bettw\u00e4sche und Handt\u00fccher werden gestellt. Ein Safe ist gegen Aufpreis verf\u00fcgbar.<\/p>\n<p>Im Alsol Los Caribes 2 haben Sie Zugang zu einem Garten.<\/p>\n<p>Restaurants, Gesch\u00e4fte und Bars erreichen Sie nach 5 Gehminuten. Der Flughafen Gran Canaria liegt 33 km von der Unterkunft entfernt.<\/p>\n<p>Minderj\u00e4hrige d\u00fcrfen nicht bleiben, wenn ihre eltern w\u00e4hrend des gesamten aufenthalts nicht bei ihnen bleiben.<\/p>\n<p>Das sichere im zimmer kostet 15 \u20ac pro woche und 10 \u20ac einzahlung.<\/p>\n<div class=\"apartamento-tabs\"><ul class=\"nav nav-tabs\" id=\"oscitas-tabs-0\"><li class=\"active\"><a class=\"\" href=\"#pane-0-0\" data-toggle=\"tab\">Lage<\/a><\/li><li class=\"\"><a class=\"\" href=\"#pane-0-1\" data-toggle=\"tab\">Kontakt<\/a><\/li><\/ul><div class=\"tab-content\"><div class=\"tab-pane active\" id=\"pane-0-0\"><\/p>\n<p>Avenida de Gran Canaria, 4<br \/>\n35100 &#8211; Playa del Ingl\u00e9s<br \/>\nGran Canaria, Islas Canarias, Espa\u00f1a<\/p>\n<p><iframe loading=\"lazy\" style=\"border: 0;\" tabindex=\"0\" src=\"https:\/\/www.google.com\/maps\/embed?pb=!1m18!1m12!1m3!1d3530.6438318208775!2d-15.568564485574132!3d27.75912962982262!2m3!1f0!2f0!3f0!3m2!1i1024!2i768!4f13.1!3m3!1m2!1s0xc3f6294b8838519%3A0xc6641f682622fe94!2sLos%20Caribes%202!5e0!3m2!1ses!2ses!4v1610702331766!5m2!1ses!2ses\" width=\"400\" height=\"300\" frameborder=\"0\" allowfullscreen=\"allowfullscreen\" aria-hidden=\"false\"><\/iframe><\/p>\n<p><\/div><div class=\"tab-pane \" id=\"pane-0-1\"><\/p>\n<p>Tel\u00e9fono: (0034) 928 77 50 60<br \/>\nE-Mail: <a href=\"mailto:reservas@alsolturismo.es\">reservas@alsolturismo.es<\/a><\/p>\n<p><div role=\"form\" class=\"wpcf7\" id=\"wpcf7-f808-o1\" lang=\"de-DE\" dir=\"ltr\">\n<div class=\"screen-reader-response\"><p role=\"status\" aria-live=\"polite\" aria-atomic=\"true\"><\/p> <ul><\/ul><\/div>\n<form action=\"\/de\/wp-json\/wp\/v2\/pages\/9664#wpcf7-f808-o1\" method=\"post\" class=\"wpcf7-form init\" novalidate=\"novalidate\" data-status=\"init\">\n<div style=\"display: none;\">\n<input type=\"hidden\" name=\"_wpcf7\" value=\"808\" \/>\n<input type=\"hidden\" name=\"_wpcf7_version\" value=\"5.6.3\" \/>\n<input type=\"hidden\" name=\"_wpcf7_locale\" value=\"de_DE\" \/>\n<input type=\"hidden\" name=\"_wpcf7_unit_tag\" value=\"wpcf7-f808-o1\" \/>\n<input type=\"hidden\" name=\"_wpcf7_container_post\" value=\"0\" \/>\n<input type=\"hidden\" name=\"_wpcf7_posted_data_hash\" value=\"\" \/>\n<input type=\"hidden\" name=\"_wpcf7_recaptcha_response\" value=\"\" \/>\n<\/div>\n<div class=\"row\">\n<div class=\"form-group col-md-12 col-sm-12 col-xs-12\">\n<label>Name<\/label><br \/>\n<span class=\"wpcf7-form-control-wrap\" data-name=\"nombre\"><input type=\"text\" name=\"nombre\" value=\"\" size=\"40\" class=\"wpcf7-form-control wpcf7-text wpcf7-validates-as-required form-control\" aria-required=\"true\" aria-invalid=\"false\" \/><\/span>\n<\/div>\n<div class=\"form-group col-md-6 col-sm-12 col-xs-12\">\n<label>Email<\/label><br \/>\n<span class=\"wpcf7-form-control-wrap\" data-name=\"email\"><input type=\"email\" name=\"email\" value=\"\" size=\"40\" class=\"wpcf7-form-control wpcf7-text wpcf7-email wpcf7-validates-as-required wpcf7-validates-as-email form-control\" aria-required=\"true\" aria-invalid=\"false\" \/><\/span>\n<\/div>\n<div class=\"form-group col-md-6 col-sm-6 col-xs-6\">\n<label>Telefon<\/label><br \/>\n<span class=\"wpcf7-form-control-wrap\" data-name=\"telefono\"><input type=\"text\" name=\"telefono\" value=\"\" size=\"40\" class=\"wpcf7-form-control wpcf7-text form-control\" aria-invalid=\"false\" \/><\/span>\n<\/div>\n<div class=\"form-group col-md-12 col-sm-12 col-xs-12\">\n<label>Betreff<\/label><br \/>\n<span class=\"wpcf7-form-control-wrap\" data-name=\"asunto\"><input type=\"text\" name=\"asunto\" value=\"\" size=\"40\" class=\"wpcf7-form-control wpcf7-text wpcf7-validates-as-required form-control\" aria-required=\"true\" aria-invalid=\"false\" \/><\/span>\n<\/div>\n<div class=\"form-group col-md-12 col-sm-12 col-xs-12\">\n<label>Nachricht<\/label><br \/>\n<span class=\"wpcf7-form-control-wrap\" data-name=\"mensaje\"><textarea name=\"mensaje\" cols=\"40\" rows=\"10\" class=\"wpcf7-form-control wpcf7-textarea wpcf7-validates-as-required form-control\" aria-required=\"true\" aria-invalid=\"false\"><\/textarea><\/span>\n<\/div>\n<\/div>\n<div class=\"row\">\n<div class=\"col-md-12 col-sm-12 col-xs-12\">\n<input type=\"submit\" value=\"Nachricht senden\" class=\"wpcf7-form-control has-spinner wpcf7-submit btn btn-primary\" \/>\n<\/div>\n<\/div>\n<div class=\"row\">\n<div class=\"wpcf7-response-output\" aria-hidden=\"true\"><\/div>\n<\/div>\n<input type='hidden' class='wpcf7-pum' value='{\"closepopup\":false,\"closedelay\":0,\"openpopup\":false,\"openpopup_id\":0}' \/><\/form><\/div><\/p>\n<p><\/div><\/div><\/div>\n","protected":false},"excerpt":{"rendered":"<p>&nbsp; In Playa del Ingles bietet das Apartments Caribes 2 (Only adults) voll ausgestattete Studios mit einer Terrasse und Zugang zu einem Au\u00dfenpool. Die Unterkunft befindet sich 100 m vom Strand entfernt. WLAN nutzen Sie kostenfrei. Die hellen Studios verf\u00fcgen \u00fcber einen Sitzbereich mit einem Flachbild-TV und einem Schlafsofa. Die K\u00fcche ist mit einem Toaster, [&hellip;]<\/p>\n","protected":false},"author":2,"featured_media":9822,"parent":742,"menu_order":0,"comment_status":"closed","ping_status":"closed","template":"","meta":{"pgc_sgb_lightbox_settings":"","footnotes":""},"acf":[],"_links":{"self":[{"href":"https:\/\/new.alsolturismo.com\/de\/wp-json\/wp\/v2\/pages\/9664"}],"collection":[{"href":"https:\/\/new.alsolturismo.com\/de\/wp-json\/wp\/v2\/pages"}],"about":[{"href":"https:\/\/new.alsolturismo.com\/de\/wp-json\/wp\/v2\/types\/page"}],"author":[{"embeddable":true,"href":"https:\/\/new.alsolturismo.com\/de\/wp-json\/wp\/v2\/users\/2"}],"replies":[{"embeddable":true,"href":"https:\/\/new.alsolturismo.com\/de\/wp-json\/wp\/v2\/comments?post=9664"}],"version-history":[{"count":14,"href":"https:\/\/new.alsolturismo.com\/de\/wp-json\/wp\/v2\/pages\/9664\/revisions"}],"predecessor-version":[{"id":14482,"href":"https:\/\/new.alsolturismo.com\/de\/wp-json\/wp\/v2\/pages\/9664\/revisions\/14482"}],"up":[{"embeddable":true,"href":"https:\/\/new.alsolturismo.com\/de\/wp-json\/wp\/v2\/pages\/742"}],"wp:featuredmedia":[{"embeddable":true,"href":"https:\/\/new.alsolturismo.com\/de\/wp-json\/wp\/v2\/media\/9822"}],"wp:attachment":[{"href":"https:\/\/new.alsolturismo.com\/de\/wp-json\/wp\/v2\/media?parent=9664"}],"curies":[{"name":"wp","href":"https:\/\/api.w.org\/{rel}","templated":true}]}}