{"id":354,"date":"2015-11-17T11:43:45","date_gmt":"2015-11-17T11:43:45","guid":{"rendered":"https:\/\/new.alsolturismo.com\/actividades-en-los-alrederores\/?lang=en"},"modified":"2015-11-19T23:02:50","modified_gmt":"2015-11-19T23:02:50","slug":"nearby-activities","status":"publish","type":"page","link":"https:\/\/new.alsolturismo.com\/en\/services\/nearby-activities\/","title":{"rendered":"Nearby activities"},"content":{"rendered":"<p>Playa del Ingl\u00e9s es una de las zonas tur\u00edsticas de Gran Canaria con mayor oferta de ocio. Tanto para los amantes del ocio nocturno como para los que prefieren las actividades a la luz del d\u00eda, Playa del Ingl\u00e9s ofrece todo lo necesario para complementar el relax de una estancia tranquila con actividades de todo tipo, orientadas a la diversi\u00f3n y la b\u00fasqueda de sensaciones diferentes.<\/p>\n<p>La ubicaci\u00f3n de los 3 complejos es ideal para encontrar el equilibrio entre relax y diversi\u00f3n. En la recepci\u00f3n de los tres complejos de apartamentos dispondr\u00e1s de informaci\u00f3n de inter\u00e9s que seguro que puede serte de utilidad para tener las vacaciones ideales.<\/p>\n<p>&nbsp;<\/p>\n","protected":false},"excerpt":{"rendered":"<p>Playa del Ingl\u00e9s es una de las zonas tur\u00edsticas de Gran Canaria con mayor oferta de ocio. Tanto para los amantes del ocio nocturno como para los que prefieren las actividades a la luz del d\u00eda, Playa del Ingl\u00e9s ofrece todo lo necesario para complementar el relax de una estancia tranquila con actividades de todo [&hellip;]<\/p>\n","protected":false},"author":2,"featured_media":384,"parent":763,"menu_order":2,"comment_status":"closed","ping_status":"closed","template":"","meta":{"pgc_sgb_lightbox_settings":"","footnotes":""},"acf":[],"_links":{"self":[{"href":"https:\/\/new.alsolturismo.com\/en\/wp-json\/wp\/v2\/pages\/354"}],"collection":[{"href":"https:\/\/new.alsolturismo.com\/en\/wp-json\/wp\/v2\/pages"}],"about":[{"href":"https:\/\/new.alsolturismo.com\/en\/wp-json\/wp\/v2\/types\/page"}],"author":[{"embeddable":true,"href":"https:\/\/new.alsolturismo.com\/en\/wp-json\/wp\/v2\/users\/2"}],"replies":[{"embeddable":true,"href":"https:\/\/new.alsolturismo.com\/en\/wp-json\/wp\/v2\/comments?post=354"}],"version-history":[{"count":3,"href":"https:\/\/new.alsolturismo.com\/en\/wp-json\/wp\/v2\/pages\/354\/revisions"}],"predecessor-version":[{"id":836,"href":"https:\/\/new.alsolturismo.com\/en\/wp-json\/wp\/v2\/pages\/354\/revisions\/836"}],"up":[{"embeddable":true,"href":"https:\/\/new.alsolturismo.com\/en\/wp-json\/wp\/v2\/pages\/763"}],"wp:featuredmedia":[{"embeddable":true,"href":"https:\/\/new.alsolturismo.com\/en\/wp-json\/wp\/v2\/media\/384"}],"wp:attachment":[{"href":"https:\/\/new.alsolturismo.com\/en\/wp-json\/wp\/v2\/media?parent=354"}],"curies":[{"name":"wp","href":"https:\/\/api.w.org\/{rel}","templated":true}]}}