{"id":369,"date":"2015-11-17T11:41:16","date_gmt":"2015-11-17T11:41:16","guid":{"rendered":"https:\/\/new.alsolturismo.com\/turismo-activo-deporte-y-aventura\/?lang=en"},"modified":"2015-11-19T23:04:24","modified_gmt":"2015-11-19T23:04:24","slug":"sport-and-adventure","status":"publish","type":"page","link":"https:\/\/new.alsolturismo.com\/en\/services\/sport-and-adventure\/","title":{"rendered":"Sport and adventure"},"content":{"rendered":"<p>Unas vacaciones en el sur de la isla de Gran Canaria tienen aseguradas muchas cosas: un estupendo clima, el sol, las playas. Sin embargo, si eres de los que te gusta complementarlas a\u00f1adi\u00e9ndoles actividades, te ofrecemos una soluci\u00f3n que seguro que se adapta a tus necesidades.<\/p>\n<p>Disponenmos de empresas colaboradoras especializadas en turismo activo y que ponen a disposici\u00f3n de nuestros clientes servicios complementarios como el senderismo guiado, visitas a parques tem\u00e1ticos, excursiones safari, etc.<\/p>\n<p>Si quieres m\u00e1s informaci\u00f3n o tienes claro la actividad que quieres, completa el siguiente formulario y nos encargamos de enviarte la informaci\u00f3n que puede servirte para organizarlo.<\/p>\n","protected":false},"excerpt":{"rendered":"<p>Unas vacaciones en el sur de la isla de Gran Canaria tienen aseguradas muchas cosas: un estupendo clima, el sol, las playas. Sin embargo, si eres de los que te gusta complementarlas a\u00f1adi\u00e9ndoles actividades, te ofrecemos una soluci\u00f3n que seguro que se adapta a tus necesidades. Disponenmos de empresas colaboradoras especializadas en turismo activo y [&hellip;]<\/p>\n","protected":false},"author":2,"featured_media":377,"parent":763,"menu_order":4,"comment_status":"closed","ping_status":"closed","template":"","meta":{"pgc_sgb_lightbox_settings":"","footnotes":""},"acf":[],"_links":{"self":[{"href":"https:\/\/new.alsolturismo.com\/en\/wp-json\/wp\/v2\/pages\/369"}],"collection":[{"href":"https:\/\/new.alsolturismo.com\/en\/wp-json\/wp\/v2\/pages"}],"about":[{"href":"https:\/\/new.alsolturismo.com\/en\/wp-json\/wp\/v2\/types\/page"}],"author":[{"embeddable":true,"href":"https:\/\/new.alsolturismo.com\/en\/wp-json\/wp\/v2\/users\/2"}],"replies":[{"embeddable":true,"href":"https:\/\/new.alsolturismo.com\/en\/wp-json\/wp\/v2\/comments?post=369"}],"version-history":[{"count":2,"href":"https:\/\/new.alsolturismo.com\/en\/wp-json\/wp\/v2\/pages\/369\/revisions"}],"predecessor-version":[{"id":839,"href":"https:\/\/new.alsolturismo.com\/en\/wp-json\/wp\/v2\/pages\/369\/revisions\/839"}],"up":[{"embeddable":true,"href":"https:\/\/new.alsolturismo.com\/en\/wp-json\/wp\/v2\/pages\/763"}],"wp:featuredmedia":[{"embeddable":true,"href":"https:\/\/new.alsolturismo.com\/en\/wp-json\/wp\/v2\/media\/377"}],"wp:attachment":[{"href":"https:\/\/new.alsolturismo.com\/en\/wp-json\/wp\/v2\/media?parent=369"}],"curies":[{"name":"wp","href":"https:\/\/api.w.org\/{rel}","templated":true}]}}