{"id":763,"date":"2015-11-16T17:49:02","date_gmt":"2015-11-16T17:49:02","guid":{"rendered":"https:\/\/new.alsolturismo.com\/en\/servicios\/"},"modified":"2015-11-19T20:43:01","modified_gmt":"2015-11-19T20:43:01","slug":"services","status":"publish","type":"page","link":"https:\/\/new.alsolturismo.com\/en\/services\/","title":{"rendered":"Services"},"content":{"rendered":"<p>Te ofrecemos una amplia variedad de servicios que har\u00e1n de tu estancia en Gran Canaria una experiencia inolvidable. Haz clic en los siguientes servicios e inf\u00f3rmate:<\/p>\n<ul class=\"display-posts-listing\"><li class=\"listing-item\"><a class=\"image\" href=\"https:\/\/new.alsolturismo.com\/en\/services\/rent-a-car\/\"><img loading=\"lazy\" decoding=\"async\" width=\"120\" height=\"90\" src=\"https:\/\/new.alsolturismo.com\/wp-content\/uploads\/2015\/11\/alquiler-coche-abrat-120x90.jpg\" class=\"attachment-thumbnail size-thumbnail wp-post-image\" alt=\"\" \/><\/a> <a class=\"title\" href=\"https:\/\/new.alsolturismo.com\/en\/services\/rent-a-car\/\">Rent a car<\/a> <span class=\"excerpt-dash\">-<\/span> <span class=\"excerpt\">A la Isla de Gran Canaria se le suele denominar como El Continente en Miniuatura, haciendo referencia a la gran variedad de paisajes, climatolog\u00eda, flora, fauna, etc. Es sin duda una isla que hay que conocer si se disfruta de una estancia con tiempo suficiente. Alsol Turismo colaboramos con diferentes proveedores de Alquiler de Coches [&hellip;]<\/span><\/li><li class=\"listing-item\"><a class=\"image\" href=\"https:\/\/new.alsolturismo.com\/en\/services\/nearby-activities\/\"><img loading=\"lazy\" decoding=\"async\" width=\"120\" height=\"90\" src=\"https:\/\/new.alsolturismo.com\/wp-content\/uploads\/2015\/11\/Plaza_de_Maspalomas-120x90.jpg\" class=\"attachment-thumbnail size-thumbnail wp-post-image\" alt=\"\" \/><\/a> <a class=\"title\" href=\"https:\/\/new.alsolturismo.com\/en\/services\/nearby-activities\/\">Nearby activities<\/a> <span class=\"excerpt-dash\">-<\/span> <span class=\"excerpt\">Playa del Ingl\u00e9s es una de las zonas tur\u00edsticas de Gran Canaria con mayor oferta de ocio. Tanto para los amantes del ocio nocturno como para los que prefieren las actividades a la luz del d\u00eda, Playa del Ingl\u00e9s ofrece todo lo necesario para complementar el relax de una estancia tranquila con actividades de todo [&hellip;]<\/span><\/li><li class=\"listing-item\"><a class=\"image\" href=\"https:\/\/new.alsolturismo.com\/en\/services\/transfers\/\"><img loading=\"lazy\" decoding=\"async\" width=\"120\" height=\"90\" src=\"https:\/\/new.alsolturismo.com\/wp-content\/uploads\/2015\/11\/transfer-120x90.jpg\" class=\"attachment-thumbnail size-thumbnail wp-post-image\" alt=\"\" \/><\/a> <a class=\"title\" href=\"https:\/\/new.alsolturismo.com\/en\/services\/transfers\/\">Transfers<\/a> <span class=\"excerpt-dash\">-<\/span> <span class=\"excerpt\">Si has decidido realizar la reserva en cualquiera de nuestros tres complejos y quieres que nos encarguemos del servicio de traslado, ponte en contacto a trav\u00e9s de nuestro formulario de solicitur de servicios complementarios. En el formulario debes indicar los siguientes datos: Localizador de la reserva. Nombre y apellidos del titular. Email. Tel\u00e9fono. N\u00famero de [&hellip;]<\/span><\/li><li class=\"listing-item\"><a class=\"image\" href=\"https:\/\/new.alsolturismo.com\/en\/services\/sport-and-adventure\/\"><img loading=\"lazy\" decoding=\"async\" width=\"120\" height=\"90\" src=\"https:\/\/new.alsolturismo.com\/wp-content\/uploads\/2015\/11\/senderismo-120x90.jpg\" class=\"attachment-thumbnail size-thumbnail wp-post-image\" alt=\"\" srcset=\"https:\/\/new.alsolturismo.com\/wp-content\/uploads\/2015\/11\/senderismo-120x90.jpg 120w, https:\/\/new.alsolturismo.com\/wp-content\/uploads\/2015\/11\/senderismo-300x225.jpg 300w, https:\/\/new.alsolturismo.com\/wp-content\/uploads\/2015\/11\/senderismo-1024x768.jpg 1024w, https:\/\/new.alsolturismo.com\/wp-content\/uploads\/2015\/11\/senderismo.jpg 1600w\" sizes=\"(max-width: 120px) 100vw, 120px\" \/><\/a> <a class=\"title\" href=\"https:\/\/new.alsolturismo.com\/en\/services\/sport-and-adventure\/\">Sport and adventure<\/a> <span class=\"excerpt-dash\">-<\/span> <span class=\"excerpt\">Unas vacaciones en el sur de la isla de Gran Canaria tienen aseguradas muchas cosas: un estupendo clima, el sol, las playas. Sin embargo, si eres de los que te gusta complementarlas a\u00f1adi\u00e9ndoles actividades, te ofrecemos una soluci\u00f3n que seguro que se adapta a tus necesidades. Disponenmos de empresas colaboradoras especializadas en turismo activo y [&hellip;]<\/span><\/li><\/ul>\n<p>Si quieres tener m\u00e1s informaci\u00f3n, puedes contactar con nosotros a trav\u00e9s del formulario de contacto de la secci\u00f3n &#8220;Contacto&#8221;.<\/p>\n<p>&nbsp;<\/p>\n","protected":false},"excerpt":{"rendered":"<p>Te ofrecemos una amplia variedad de servicios que har\u00e1n de tu estancia en Gran Canaria una experiencia inolvidable. Haz clic en los siguientes servicios e inf\u00f3rmate: Si quieres tener m\u00e1s informaci\u00f3n, puedes contactar con nosotros a trav\u00e9s del formulario de contacto de la secci\u00f3n &#8220;Contacto&#8221;. &nbsp;<\/p>\n","protected":false},"author":2,"featured_media":0,"parent":0,"menu_order":0,"comment_status":"closed","ping_status":"closed","template":"","meta":{"pgc_sgb_lightbox_settings":"","footnotes":""},"acf":[],"_links":{"self":[{"href":"https:\/\/new.alsolturismo.com\/en\/wp-json\/wp\/v2\/pages\/763"}],"collection":[{"href":"https:\/\/new.alsolturismo.com\/en\/wp-json\/wp\/v2\/pages"}],"about":[{"href":"https:\/\/new.alsolturismo.com\/en\/wp-json\/wp\/v2\/types\/page"}],"author":[{"embeddable":true,"href":"https:\/\/new.alsolturismo.com\/en\/wp-json\/wp\/v2\/users\/2"}],"replies":[{"embeddable":true,"href":"https:\/\/new.alsolturismo.com\/en\/wp-json\/wp\/v2\/comments?post=763"}],"version-history":[{"count":1,"href":"https:\/\/new.alsolturismo.com\/en\/wp-json\/wp\/v2\/pages\/763\/revisions"}],"predecessor-version":[{"id":796,"href":"https:\/\/new.alsolturismo.com\/en\/wp-json\/wp\/v2\/pages\/763\/revisions\/796"}],"wp:attachment":[{"href":"https:\/\/new.alsolturismo.com\/en\/wp-json\/wp\/v2\/media?parent=763"}],"curies":[{"name":"wp","href":"https:\/\/api.w.org\/{rel}","templated":true}]}}