{"id":857,"date":"2015-11-21T16:09:08","date_gmt":"2015-11-21T16:09:08","guid":{"rendered":"https:\/\/new.alsolturismo.com\/en\/aviso-legal\/"},"modified":"2015-11-21T16:09:08","modified_gmt":"2015-11-21T16:09:08","slug":"aviso-legal","status":"publish","type":"page","link":"https:\/\/new.alsolturismo.com\/en\/aviso-legal\/","title":{"rendered":"Aviso Legal"},"content":{"rendered":"<h4>1 Introducci\u00f3n<\/h4>\n<p>El presente documento tiene como finalidad el establecer y regular las normas de uso del Sitio https:\/\/new.alsolturismo.com (en adelante el \u201cSitio\u201d), entendiendo por Sitio todas las p\u00e1ginas y sus contenidos propiedad de Alsol Turismo a las cuales se accede a trav\u00e9s del dominio https:\/\/new.alsolturismo.com y sus subdominios.<\/p>\n<p>La utilizaci\u00f3n del Sitio atribuye la condici\u00f3n de Usuario del mismo e implica la aceptaci\u00f3n de todas las condiciones incluidas en el presente Aviso Legal. El Usuario se compromete a leer atentamente el presente Aviso Legal en cada una de las ocasiones en que se proponga utilizar el Sitio, ya que \u00e9ste y sus condiciones de uso recogidas en el presente Aviso Legal pueden sufrir modificaciones.<\/p>\n<h4>2 Titularidad del Sitio Web<\/h4>\n<p>El titular del presente Sitio es Alsol Turismo con CIF B000000000 y domicilio en &#8230;.<\/p>\n<p>Ud. puede ponerse en contacto con nosotros en los siguientes n\u00fameros de tel\u00e9fono o e-mail: Tfno: 928 00 00 00, e-mail: info@new.alsolturismo.com.<\/p>\n<h4>3 Propiedad intelectual e industrial<\/h4>\n<p>Los derechos de propiedad intelectual de este Sitio, son titularidad de Alsol Turismo<\/p>\n<p>La reproducci\u00f3n, distribuci\u00f3n, comercializaci\u00f3n o transformaci\u00f3n, total o parcial, no autorizadas del contenido del Sitio, a no ser que sea para uso personal y privado, constituye una infracci\u00f3n de los derechos de propiedad intelectual de Alsol Turismo. Igualmente, todas las marcas o signos distintivos de cualquier clase contenidos en el Sitio est\u00e1n protegidos por Ley. La utilizaci\u00f3n no autorizada de la informaci\u00f3n contenida en este Sitio, as\u00ed como los perjuicios ocasionados en los derechos de propiedad intelectual e industrial de Alsol Turismo, pueden dar lugar al ejercicio de las acciones que legalmente correspondan y, si procede, a las responsabilidades que de dicho ejercicio se deriven.<\/p>\n<h4>4 Exclusi\u00f3n de responsabilidad<\/h4>\n<p>El contenido, programas, informaci\u00f3n y\/o consejos expresados en este Sitio deben entenderse como simplemente orientativos. Alsol Turismo, no responde de ninguna forma de la efectividad o exactitud de los mismos, quedando exenta de cualquier responsabilidad contractual o extracontractual con los Usuarios que haga uso de ellos, ya que son \u00e9stas las que deber\u00e1n decidir seg\u00fan su criterio la oportunidad de los mismos.<\/p>\n<p>En este Sitio se pueden publicar contenidos aportados por terceras personas o empresas, Alsol Turismo, no responde de la veracidad y exactitud de los mismos, quedando exenta de cualquier responsabilidad contractual o extracontractual con los Usuarios que hagan uso de ellos.<\/p>\n<p>Alsol Turismo, se reserva el derecho de modificar el contenido del Sitio sin previo aviso y sin ning\u00fan tipo de limitaci\u00f3n.<br \/>\nAsimismo, declina cualquier responsabilidad por los eventuales da\u00f1os y perjuicios que puedan ocasionarse por la falta de disponibilidad y\/o continuidad de este Sitio y de los servicios que se ofrecen en el.<\/p>\n<p>Alsol Turismo, no garantiza la ausencia de virus ni de otros elementos en la web que puedan producir alteraciones en su sistema inform\u00e1tico. Alsol Turismo, declina cualquier responsabilidad contractual o extracontractual con los Usuarios que hagan uso de ello y tuviera perjuicios de cualquier naturaleza ocasionados por virus inform\u00e1ticos o por elementos inform\u00e1ticos de cualquier \u00edndole.<\/p>\n<p>Alsol Turismo, declina cualquier responsabilidad por los servicios que eventualmente pudieran prestarse en el Sitio por parte de terceros.<\/p>\n<p>Alsol Turismo, declina cualquier responsabilidad por los servicios y\/o informaci\u00f3n que se preste en otros Sitios enlazados con este. Alsol Turismo, no controla ni ejerce ning\u00fan tipo de supervisi\u00f3n en Sitios Webs de terceros.<\/p>\n<p>Aconsejamos a los Usuarios de los mismos a actuar con prudencia y consultar las eventuales condiciones legales que se expongan en dichas webs.<\/p>\n<p>Los Usuarios que remitan cualquier tipo de informaci\u00f3n a Alsol Turismo, se comprometen a que la misma sea veraz y que no vulnere cualquier derecho de terceros ni la legalidad vigente.<\/p>\n<h4>5 Condiciones de uso del portal para los usuarios<\/h4>\n<p>El acceso al presente Sitio es gratuito salvo en lo relativo al coste de la conexi\u00f3n a trav\u00e9s de la red de telecomunicaciones suministrada por el proveedor de acceso contratado por los usuarios.<\/p>\n<p>Queda expresamente prohibido el uso del Sitio con fines lesivos de bienes o intereses de Alsol Turismo o de terceros o que de cualquier otra forma sobrecarguen, da\u00f1en o inutilicen las redes, servidores y dem\u00e1s equipos inform\u00e1ticos (hardware) o productos y aplicaciones inform\u00e1ticas (software) de Alsol Turismo, o de terceros.<\/p>\n<p>En el caso de que el Usuario tuviera conocimiento de que los Sitios enlazados remiten a p\u00e1ginas cuyos contenidos o servicios son il\u00edcitos, nocivos, denigrantes, violentos o contrarios a la moral le agradecer\u00edamos que se pusiera en contacto con Alsol Turismo<\/p>\n<h4>6 Pol\u00edtica de protecci\u00f3n de datos personales<\/h4>\n<p>En el siguiente enlace puede ampliar la informaci\u00f3n acerca de nuestra pol\u00edtica de privacidad de los datos personales (poner enlace).<\/p>\n<h4>7 Recomendaciones de visualizaci\u00f3n<\/h4>\n<p>Para una visualizaci\u00f3n \u00f3ptima de este Sitio recomendamos el uso del navegador FireFox, Google Chrome o Microsoft Internet Explorer 8 (o superior) y una resoluci\u00f3n de pantalla superior a 1024 x 800 pixels.<\/p>\n<h4>8 Legislaci\u00f3n<\/h4>\n<p>El presente Aviso Legal se rige en todos y cada uno de sus extremos por la legislaci\u00f3n espa\u00f1ola.<\/p>\n<h4>9 Contacte con nosotros<\/h4>\n<p>Si tiene Ud. cualquier pregunta sobre las condiciones reflejadas en este Aviso Legal, o si le gustar\u00eda hacer cualquier sugerencia o recomendaci\u00f3n, por favor dir\u00edjase a nosotros a trav\u00e9s de la siguiente direcci\u00f3n de correo electr\u00f3nico: info@new.alsolturismo.com<\/p>\n","protected":false},"excerpt":{"rendered":"<p>1 Introducci\u00f3n El presente documento tiene como finalidad el establecer y regular las normas de uso del Sitio https:\/\/new.alsolturismo.com (en adelante el \u201cSitio\u201d), entendiendo por Sitio todas las p\u00e1ginas y sus contenidos propiedad de Alsol Turismo a las cuales se accede a trav\u00e9s del dominio https:\/\/new.alsolturismo.com y sus subdominios. La utilizaci\u00f3n del Sitio atribuye la [&hellip;]<\/p>\n","protected":false},"author":2,"featured_media":0,"parent":0,"menu_order":0,"comment_status":"closed","ping_status":"closed","template":"","meta":{"pgc_sgb_lightbox_settings":"","footnotes":""},"acf":[],"_links":{"self":[{"href":"https:\/\/new.alsolturismo.com\/en\/wp-json\/wp\/v2\/pages\/857"}],"collection":[{"href":"https:\/\/new.alsolturismo.com\/en\/wp-json\/wp\/v2\/pages"}],"about":[{"href":"https:\/\/new.alsolturismo.com\/en\/wp-json\/wp\/v2\/types\/page"}],"author":[{"embeddable":true,"href":"https:\/\/new.alsolturismo.com\/en\/wp-json\/wp\/v2\/users\/2"}],"replies":[{"embeddable":true,"href":"https:\/\/new.alsolturismo.com\/en\/wp-json\/wp\/v2\/comments?post=857"}],"version-history":[{"count":0,"href":"https:\/\/new.alsolturismo.com\/en\/wp-json\/wp\/v2\/pages\/857\/revisions"}],"wp:attachment":[{"href":"https:\/\/new.alsolturismo.com\/en\/wp-json\/wp\/v2\/media?parent=857"}],"curies":[{"name":"wp","href":"https:\/\/api.w.org\/{rel}","templated":true}]}}